{"id":3001,"date":"2023-11-16T08:42:00","date_gmt":"2023-11-16T08:42:00","guid":{"rendered":"https:\/\/mcsilo.com\/?page_id=3001"},"modified":"2023-12-08T14:50:42","modified_gmt":"2023-12-08T14:50:42","slug":"kabuksoyucuv2","status":"publish","type":"page","link":"https:\/\/mcsilo.com\/index.php\/kabuksoyucuv2\/","title":{"rendered":"kabuksoyucuv2"},"content":{"rendered":"\t\t<div data-elementor-type=\"wp-page\" data-elementor-id=\"3001\" class=\"elementor elementor-3001\">\n\t\t\t\t\t\t\t<div class=\"elementor-element elementor-element-ad76fbe e-flex e-con-boxed e-con e-parent\" data-id=\"ad76fbe\" data-element_type=\"container\" data-settings=\"{&quot;background_background&quot;:&quot;classic&quot;,&quot;content_width&quot;:&quot;boxed&quot;}\" data-core-v316-plus=\"true\">\n\t\t\t\t\t<div class=\"e-con-inner\">\n\t\t\t\t<div class=\"elementor-element elementor-element-62af1cf elementor-widget elementor-widget-heading\" data-id=\"62af1cf\" data-element_type=\"widget\" data-widget_type=\"heading.default\">\n\t\t\t\t<div class=\"elementor-widget-container\">\n\t\t\t<style>\/*! elementor - v3.18.0 - 08-12-2023 *\/\n.elementor-heading-title{padding:0;margin:0;line-height:1}.elementor-widget-heading .elementor-heading-title[class*=elementor-size-]>a{color:inherit;font-size:inherit;line-height:inherit}.elementor-widget-heading .elementor-heading-title.elementor-size-small{font-size:15px}.elementor-widget-heading .elementor-heading-title.elementor-size-medium{font-size:19px}.elementor-widget-heading .elementor-heading-title.elementor-size-large{font-size:29px}.elementor-widget-heading .elementor-heading-title.elementor-size-xl{font-size:39px}.elementor-widget-heading .elementor-heading-title.elementor-size-xxl{font-size:59px}<\/style><h2 class=\"elementor-heading-title elementor-size-default\">Temizleme<\/h2>\t\t<\/div>\n\t\t\t\t<\/div>\n\t\t\t\t\t<\/div>\n\t\t\t\t<\/div>\n\t\t<div class=\"elementor-element elementor-element-ff3dfb2 e-flex e-con-boxed e-con e-parent\" data-id=\"ff3dfb2\" data-element_type=\"container\" data-settings=\"{&quot;background_background&quot;:&quot;classic&quot;,&quot;content_width&quot;:&quot;boxed&quot;}\" data-core-v316-plus=\"true\">\n\t\t\t\t\t<div class=\"e-con-inner\">\n\t\t<div class=\"elementor-element elementor-element-f4de1d6 e-con-full e-flex e-con e-child\" data-id=\"f4de1d6\" data-element_type=\"container\" data-settings=\"{&quot;content_width&quot;:&quot;full&quot;}\">\n\t\t<div class=\"elementor-element elementor-element-b0b649f e-flex e-con-boxed e-con e-child\" data-id=\"b0b649f\" data-element_type=\"container\" data-settings=\"{&quot;content_width&quot;:&quot;boxed&quot;}\">\n\t\t\t\t\t<div class=\"e-con-inner\">\n\t\t\t\t<div class=\"elementor-element elementor-element-0d29aca elementor-hidden-desktop elementor-widget elementor-widget-image\" data-id=\"0d29aca\" data-element_type=\"widget\" data-widget_type=\"image.default\">\n\t\t\t\t<div class=\"elementor-widget-container\">\n\t\t\t<style>\/*! elementor - v3.18.0 - 08-12-2023 *\/\n.elementor-widget-image{text-align:center}.elementor-widget-image a{display:inline-block}.elementor-widget-image a img[src$=\".svg\"]{width:48px}.elementor-widget-image img{vertical-align:middle;display:inline-block}<\/style>\t\t\t\t\t\t\t\t\t\t\t\t<img fetchpriority=\"high\" decoding=\"async\" width=\"1024\" height=\"1024\" src=\"https:\/\/mcsilo.com\/wp-content\/uploads\/2023\/12\/kabuksoyucu2-Ozel-1024x1024.png\" class=\"attachment-large size-large wp-image-3687\" alt=\"\" srcset=\"https:\/\/mcsilo.com\/wp-content\/uploads\/2023\/12\/kabuksoyucu2-Ozel-1024x1024.png 1024w, https:\/\/mcsilo.com\/wp-content\/uploads\/2023\/12\/kabuksoyucu2-Ozel-300x300.png 300w, https:\/\/mcsilo.com\/wp-content\/uploads\/2023\/12\/kabuksoyucu2-Ozel-150x150.png 150w, https:\/\/mcsilo.com\/wp-content\/uploads\/2023\/12\/kabuksoyucu2-Ozel-768x768.png 768w, https:\/\/mcsilo.com\/wp-content\/uploads\/2023\/12\/kabuksoyucu2-Ozel-200x200.png 200w, https:\/\/mcsilo.com\/wp-content\/uploads\/2023\/12\/kabuksoyucu2-Ozel.png 1080w\" sizes=\"(max-width: 1024px) 100vw, 1024px\" \/>\t\t\t\t\t\t\t\t\t\t\t\t\t\t\t<\/div>\n\t\t\t\t<\/div>\n\t\t\t\t<div class=\"elementor-element elementor-element-44cc94c elementor-widget elementor-widget-heading\" data-id=\"44cc94c\" data-element_type=\"widget\" data-widget_type=\"heading.default\">\n\t\t\t\t<div class=\"elementor-widget-container\">\n\t\t\t<h3 class=\"elementor-heading-title elementor-size-default\">Kabuk Soyucu (v2)<\/h3>\t\t<\/div>\n\t\t\t\t<\/div>\n\t\t\t\t\t<\/div>\n\t\t\t\t<\/div>\n\t\t<div class=\"elementor-element elementor-element-e1a3694 e-flex e-con-boxed e-con e-child\" data-id=\"e1a3694\" data-element_type=\"container\" data-settings=\"{&quot;content_width&quot;:&quot;boxed&quot;}\">\n\t\t\t\t\t<div class=\"e-con-inner\">\n\t\t\t\t<div class=\"elementor-element elementor-element-b7fd67e elementor-widget elementor-widget-heading\" data-id=\"b7fd67e\" data-element_type=\"widget\" data-widget_type=\"heading.default\">\n\t\t\t\t<div class=\"elementor-widget-container\">\n\t\t\t<h5 class=\"elementor-heading-title elementor-size-default\">Kullan\u0131m Alanlar\u0131<\/h5>\t\t<\/div>\n\t\t\t\t<\/div>\n\t\t\t\t<div class=\"elementor-element elementor-element-e477084 elementor-widget elementor-widget-text-editor\" data-id=\"e477084\" data-element_type=\"widget\" data-widget_type=\"text-editor.default\">\n\t\t\t\t<div class=\"elementor-widget-container\">\n\t\t\t<style>\/*! elementor - v3.18.0 - 08-12-2023 *\/\n.elementor-widget-text-editor.elementor-drop-cap-view-stacked .elementor-drop-cap{background-color:#69727d;color:#fff}.elementor-widget-text-editor.elementor-drop-cap-view-framed .elementor-drop-cap{color:#69727d;border:3px solid;background-color:transparent}.elementor-widget-text-editor:not(.elementor-drop-cap-view-default) .elementor-drop-cap{margin-top:8px}.elementor-widget-text-editor:not(.elementor-drop-cap-view-default) .elementor-drop-cap-letter{width:1em;height:1em}.elementor-widget-text-editor .elementor-drop-cap{float:left;text-align:center;line-height:1;font-size:50px}.elementor-widget-text-editor .elementor-drop-cap-letter{display:inline-block}<\/style>\t\t\t\t<p>Bu\u011fday\u0131n kabu\u011funu, un veya irmik tabakas\u0131na kadar soymak amac\u0131yla, un ve irmik de\u011firmencili\u011fi s\u00fcre\u00e7lerinde kullan\u0131lmaktad\u0131r.<\/p>\t\t\t\t\t\t<\/div>\n\t\t\t\t<\/div>\n\t\t\t\t<div class=\"elementor-element elementor-element-17c095c elementor-widget elementor-widget-heading\" data-id=\"17c095c\" data-element_type=\"widget\" data-widget_type=\"heading.default\">\n\t\t\t\t<div class=\"elementor-widget-container\">\n\t\t\t<h5 class=\"elementor-heading-title elementor-size-default\">\u00d6zellikleri<\/h5>\t\t<\/div>\n\t\t\t\t<\/div>\n\t\t\t\t<div class=\"elementor-element elementor-element-73a7fc1 elementor-widget elementor-widget-text-editor\" data-id=\"73a7fc1\" data-element_type=\"widget\" data-widget_type=\"text-editor.default\">\n\t\t\t\t<div class=\"elementor-widget-container\">\n\t\t\t\t\t\t\t<p>Tane kabu\u011fu, ta\u015f ile kaz\u0131ma ve hafif par\u00e7ac\u0131klar\u0131n hava ak\u0131m\u0131yla etkin bir \u015fekilde ayr\u0131lmas\u0131 gibi y\u00f6ntemlerle soyulmaktad\u0131r. Bu sayede \u00f6\u011f\u00fctme y\u00fck\u00fc ve kepek kontaminasyonu riski d\u00fc\u015f\u00fcr\u00fclerek, de\u011firmenin \u00f6\u011f\u00fctme kapasitesi artar ve un ile irmik rand\u0131man\u0131 y\u00fckselir. \u00c7elik konstr\u00fcksiyondan \u00fcretilmi\u015f olan sistem, bu\u011fday\u0131n yan\u0131 s\u0131ra m\u0131s\u0131r gibi baz\u0131 uygulamalarda da kullan\u0131labilmektedir.<\/p><p>Daha d\u00fc\u015f\u00fck hacimle daha y\u00fcksek kapasite elde edilmesi, bina maliyetlerini d\u00fc\u015f\u00fcrmekte \u00f6nemli bir avantaj sa\u011flar. \u00d6zel dayan\u0131kl\u0131 malzemeden \u00fcretilen uzun \u00f6m\u00fcrl\u00fc rotor, \u00fcr\u00fcndeki b\u00f6cek yumurtalar\u0131n\u0131 ve bakterileri azaltarak daha sa\u011fl\u0131kl\u0131 bir \u00fcr\u00fcn elde edilmesine katk\u0131 sa\u011flar. Ayn\u0131 zamanda elde edilen \u00fcr\u00fcn\u00fcn k\u00fcl oran\u0131n\u0131 d\u00fc\u015f\u00fcr\u00fcr.<\/p><p>D\u00fc\u015f\u00fck enerji t\u00fcketimi, i\u015fletim ve bak\u0131m kolayl\u0131\u011f\u0131, g\u00fcvenli \u00e7al\u0131\u015fma ve i\u00e7\/d\u0131\u015f temizlik i\u00e7in m\u00fckemmel eri\u015filebilirlik gibi \u00f6zelliklerle birlikte, sistem sessiz ve titre\u015fimsiz \u00e7al\u0131\u015fma \u00f6zelli\u011fiyle de dikkat \u00e7eker.<\/p>\t\t\t\t\t\t<\/div>\n\t\t\t\t<\/div>\n\t\t\t\t<div class=\"elementor-element elementor-element-e85de8c elementor-align-left elementor-widget elementor-widget-button\" data-id=\"e85de8c\" data-element_type=\"widget\" data-widget_type=\"button.default\">\n\t\t\t\t<div class=\"elementor-widget-container\">\n\t\t\t\t\t<div class=\"elementor-button-wrapper\">\n\t\t\t<a class=\"elementor-button elementor-button-link elementor-size-xs\" href=\"https:\/\/demolar.metamedya.com\/mcsilo\/wp-content\/uploads\/2023\/11\/kabuksoyucu2-Ozel-1.png\" target=\"_blank\">\n\t\t\t\t\t\t<span class=\"elementor-button-content-wrapper\">\n\t\t\t\t\t\t<span class=\"elementor-button-icon elementor-align-icon-left\">\n\t\t\t\t<i aria-hidden=\"true\" class=\"fas fa-file-pdf\"><\/i>\t\t\t<\/span>\n\t\t\t\t\t\t<span class=\"elementor-button-text\">Detay<\/span>\n\t\t<\/span>\n\t\t\t\t\t<\/a>\n\t\t<\/div>\n\t\t\t\t<\/div>\n\t\t\t\t<\/div>\n\t\t\t\t\t<\/div>\n\t\t\t\t<\/div>\n\t\t\t\t<\/div>\n\t\t<div class=\"elementor-element elementor-element-bbbe24f e-con-full e-flex e-con e-child\" data-id=\"bbbe24f\" data-element_type=\"container\" data-settings=\"{&quot;content_width&quot;:&quot;full&quot;}\">\n\t\t\t\t<div class=\"elementor-element elementor-element-e13e4a5 elementor-hidden-tablet elementor-hidden-mobile elementor-widget elementor-widget-image\" data-id=\"e13e4a5\" data-element_type=\"widget\" data-widget_type=\"image.default\">\n\t\t\t\t<div class=\"elementor-widget-container\">\n\t\t\t\t\t\t\t\t\t\t\t\t\t\t\t<img fetchpriority=\"high\" decoding=\"async\" width=\"1024\" height=\"1024\" src=\"https:\/\/mcsilo.com\/wp-content\/uploads\/2023\/12\/kabuksoyucu2-Ozel-1024x1024.png\" class=\"attachment-large size-large wp-image-3687\" alt=\"\" srcset=\"https:\/\/mcsilo.com\/wp-content\/uploads\/2023\/12\/kabuksoyucu2-Ozel-1024x1024.png 1024w, https:\/\/mcsilo.com\/wp-content\/uploads\/2023\/12\/kabuksoyucu2-Ozel-300x300.png 300w, https:\/\/mcsilo.com\/wp-content\/uploads\/2023\/12\/kabuksoyucu2-Ozel-150x150.png 150w, https:\/\/mcsilo.com\/wp-content\/uploads\/2023\/12\/kabuksoyucu2-Ozel-768x768.png 768w, https:\/\/mcsilo.com\/wp-content\/uploads\/2023\/12\/kabuksoyucu2-Ozel-200x200.png 200w, https:\/\/mcsilo.com\/wp-content\/uploads\/2023\/12\/kabuksoyucu2-Ozel.png 1080w\" sizes=\"(max-width: 1024px) 100vw, 1024px\" \/>\t\t\t\t\t\t\t\t\t\t\t\t\t\t\t<\/div>\n\t\t\t\t<\/div>\n\t\t\t\t<\/div>\n\t\t\t\t\t<\/div>\n\t\t\t\t<\/div>\n\t\t\t\t\t\t\t<\/div>\n\t\t","protected":false},"excerpt":{"rendered":"<p>Temizleme Kabuk Soyucu (v2) Kullan\u0131m Alanlar\u0131 Bu\u011fday\u0131n kabu\u011funu, un veya irmik tabakas\u0131na kadar soymak amac\u0131yla, un ve irmik de\u011firmencili\u011fi s\u00fcre\u00e7lerinde kullan\u0131lmaktad\u0131r. \u00d6zellikleri Tane kabu\u011fu, ta\u015f ile kaz\u0131ma ve hafif par\u00e7ac\u0131klar\u0131n hava ak\u0131m\u0131yla etkin bir \u015fekilde ayr\u0131lmas\u0131 gibi y\u00f6ntemlerle soyulmaktad\u0131r. Bu sayede \u00f6\u011f\u00fctme y\u00fck\u00fc ve kepek kontaminasyonu riski d\u00fc\u015f\u00fcr\u00fclerek, de\u011firmenin \u00f6\u011f\u00fctme kapasitesi artar ve un ile &hellip;<\/p>\n<p class=\"read-more\"> <a class=\"\" href=\"https:\/\/mcsilo.com\/index.php\/kabuksoyucuv2\/\"> <span class=\"screen-reader-text\">kabuksoyucuv2<\/span> Devam\u0131 &raquo;<\/a><\/p>\n","protected":false},"author":1,"featured_media":0,"parent":0,"menu_order":0,"comment_status":"closed","ping_status":"closed","template":"","meta":{"_uag_custom_page_level_css":"","site-sidebar-layout":"no-sidebar","site-content-layout":"page-builder","ast-site-content-layout":"full-width-container","site-content-style":"default","site-sidebar-style":"default","ast-global-header-display":"","ast-banner-title-visibility":"","ast-main-header-display":"","ast-hfb-above-header-display":"","ast-hfb-below-header-display":"","ast-hfb-mobile-header-display":"","site-post-title":"disabled","ast-breadcrumbs-content":"","ast-featured-img":"disabled","footer-sml-layout":"","theme-transparent-header-meta":"","adv-header-id-meta":"","stick-header-meta":"","header-above-stick-meta":"","header-main-stick-meta":"","header-below-stick-meta":"","astra-migrate-meta-layouts":"set","footnotes":""},"class_list":["post-3001","page","type-page","status-publish","hentry"],"uagb_featured_image_src":{"full":false,"thumbnail":false,"medium":false,"medium_large":false,"large":false,"1536x1536":false,"2048x2048":false,"depicter-thumbnail":false},"uagb_author_info":{"display_name":"admin","author_link":"https:\/\/mcsilo.com\/index.php\/author\/admin\/"},"uagb_comment_info":0,"uagb_excerpt":"Temizleme Kabuk Soyucu (v2) Kullan\u0131m Alanlar\u0131 Bu\u011fday\u0131n kabu\u011funu, un veya irmik tabakas\u0131na kadar soymak amac\u0131yla, un ve irmik de\u011firmencili\u011fi s\u00fcre\u00e7lerinde kullan\u0131lmaktad\u0131r. \u00d6zellikleri Tane kabu\u011fu, ta\u015f ile kaz\u0131ma ve hafif par\u00e7ac\u0131klar\u0131n hava ak\u0131m\u0131yla etkin bir \u015fekilde ayr\u0131lmas\u0131 gibi y\u00f6ntemlerle soyulmaktad\u0131r. Bu sayede \u00f6\u011f\u00fctme y\u00fck\u00fc ve kepek kontaminasyonu riski d\u00fc\u015f\u00fcr\u00fclerek, de\u011firmenin \u00f6\u011f\u00fctme kapasitesi artar ve un ile&hellip;","_links":{"self":[{"href":"https:\/\/mcsilo.com\/index.php\/wp-json\/wp\/v2\/pages\/3001","targetHints":{"allow":["GET"]}}],"collection":[{"href":"https:\/\/mcsilo.com\/index.php\/wp-json\/wp\/v2\/pages"}],"about":[{"href":"https:\/\/mcsilo.com\/index.php\/wp-json\/wp\/v2\/types\/page"}],"author":[{"embeddable":true,"href":"https:\/\/mcsilo.com\/index.php\/wp-json\/wp\/v2\/users\/1"}],"replies":[{"embeddable":true,"href":"https:\/\/mcsilo.com\/index.php\/wp-json\/wp\/v2\/comments?post=3001"}],"version-history":[{"count":10,"href":"https:\/\/mcsilo.com\/index.php\/wp-json\/wp\/v2\/pages\/3001\/revisions"}],"predecessor-version":[{"id":3702,"href":"https:\/\/mcsilo.com\/index.php\/wp-json\/wp\/v2\/pages\/3001\/revisions\/3702"}],"wp:attachment":[{"href":"https:\/\/mcsilo.com\/index.php\/wp-json\/wp\/v2\/media?parent=3001"}],"curies":[{"name":"wp","href":"https:\/\/api.w.org\/{rel}","templated":true}]}}