{"id":2980,"date":"2023-11-16T08:31:04","date_gmt":"2023-11-16T08:31:04","guid":{"rendered":"https:\/\/mcsilo.com\/?page_id=2980"},"modified":"2023-12-08T14:37:26","modified_gmt":"2023-12-08T14:37:26","slug":"borumiknatis","status":"publish","type":"page","link":"https:\/\/mcsilo.com\/index.php\/borumiknatis\/","title":{"rendered":"borumiknatis"},"content":{"rendered":"\t\t<div data-elementor-type=\"wp-page\" data-elementor-id=\"2980\" class=\"elementor elementor-2980\">\n\t\t\t\t\t\t\t<div class=\"elementor-element elementor-element-83ffaae e-flex e-con-boxed e-con e-parent\" data-id=\"83ffaae\" data-element_type=\"container\" data-settings=\"{&quot;background_background&quot;:&quot;classic&quot;,&quot;content_width&quot;:&quot;boxed&quot;}\" data-core-v316-plus=\"true\">\n\t\t\t\t\t<div class=\"e-con-inner\">\n\t\t\t\t<div class=\"elementor-element elementor-element-3ed9d1b elementor-widget elementor-widget-heading\" data-id=\"3ed9d1b\" data-element_type=\"widget\" data-widget_type=\"heading.default\">\n\t\t\t\t<div class=\"elementor-widget-container\">\n\t\t\t<style>\/*! elementor - v3.18.0 - 08-12-2023 *\/\n.elementor-heading-title{padding:0;margin:0;line-height:1}.elementor-widget-heading .elementor-heading-title[class*=elementor-size-]>a{color:inherit;font-size:inherit;line-height:inherit}.elementor-widget-heading .elementor-heading-title.elementor-size-small{font-size:15px}.elementor-widget-heading .elementor-heading-title.elementor-size-medium{font-size:19px}.elementor-widget-heading .elementor-heading-title.elementor-size-large{font-size:29px}.elementor-widget-heading .elementor-heading-title.elementor-size-xl{font-size:39px}.elementor-widget-heading .elementor-heading-title.elementor-size-xxl{font-size:59px}<\/style><h2 class=\"elementor-heading-title elementor-size-default\">Temizleme<\/h2>\t\t<\/div>\n\t\t\t\t<\/div>\n\t\t\t\t\t<\/div>\n\t\t\t\t<\/div>\n\t\t<div class=\"elementor-element elementor-element-ff3dfb2 e-flex e-con-boxed e-con e-parent\" data-id=\"ff3dfb2\" data-element_type=\"container\" data-settings=\"{&quot;background_background&quot;:&quot;classic&quot;,&quot;content_width&quot;:&quot;boxed&quot;}\" data-core-v316-plus=\"true\">\n\t\t\t\t\t<div class=\"e-con-inner\">\n\t\t<div class=\"elementor-element elementor-element-f4de1d6 e-con-full e-flex e-con e-child\" data-id=\"f4de1d6\" data-element_type=\"container\" data-settings=\"{&quot;content_width&quot;:&quot;full&quot;}\">\n\t\t<div class=\"elementor-element elementor-element-b0b649f e-flex e-con-boxed e-con e-child\" data-id=\"b0b649f\" data-element_type=\"container\" data-settings=\"{&quot;content_width&quot;:&quot;boxed&quot;}\">\n\t\t\t\t\t<div class=\"e-con-inner\">\n\t\t\t\t<div class=\"elementor-element elementor-element-0d29aca elementor-hidden-desktop elementor-widget elementor-widget-image\" data-id=\"0d29aca\" data-element_type=\"widget\" data-widget_type=\"image.default\">\n\t\t\t\t<div class=\"elementor-widget-container\">\n\t\t\t<style>\/*! elementor - v3.18.0 - 08-12-2023 *\/\n.elementor-widget-image{text-align:center}.elementor-widget-image a{display:inline-block}.elementor-widget-image a img[src$=\".svg\"]{width:48px}.elementor-widget-image img{vertical-align:middle;display:inline-block}<\/style>\t\t\t\t\t\t\t\t\t\t\t\t<img fetchpriority=\"high\" decoding=\"async\" width=\"1024\" height=\"1024\" src=\"https:\/\/mcsilo.com\/wp-content\/uploads\/2023\/12\/borumiknatis-Ozel-1024x1024.png\" class=\"attachment-large size-large wp-image-3682\" alt=\"\" srcset=\"https:\/\/mcsilo.com\/wp-content\/uploads\/2023\/12\/borumiknatis-Ozel-1024x1024.png 1024w, https:\/\/mcsilo.com\/wp-content\/uploads\/2023\/12\/borumiknatis-Ozel-300x300.png 300w, https:\/\/mcsilo.com\/wp-content\/uploads\/2023\/12\/borumiknatis-Ozel-150x150.png 150w, https:\/\/mcsilo.com\/wp-content\/uploads\/2023\/12\/borumiknatis-Ozel-768x768.png 768w, https:\/\/mcsilo.com\/wp-content\/uploads\/2023\/12\/borumiknatis-Ozel-200x200.png 200w, https:\/\/mcsilo.com\/wp-content\/uploads\/2023\/12\/borumiknatis-Ozel.png 1080w\" sizes=\"(max-width: 1024px) 100vw, 1024px\" \/>\t\t\t\t\t\t\t\t\t\t\t\t\t\t\t<\/div>\n\t\t\t\t<\/div>\n\t\t\t\t<div class=\"elementor-element elementor-element-44cc94c elementor-widget elementor-widget-heading\" data-id=\"44cc94c\" data-element_type=\"widget\" data-widget_type=\"heading.default\">\n\t\t\t\t<div class=\"elementor-widget-container\">\n\t\t\t<h3 class=\"elementor-heading-title elementor-size-default\">Boru M\u0131knat\u0131s<\/h3>\t\t<\/div>\n\t\t\t\t<\/div>\n\t\t\t\t\t<\/div>\n\t\t\t\t<\/div>\n\t\t<div class=\"elementor-element elementor-element-e1a3694 e-flex e-con-boxed e-con e-child\" data-id=\"e1a3694\" data-element_type=\"container\" data-settings=\"{&quot;content_width&quot;:&quot;boxed&quot;}\">\n\t\t\t\t\t<div class=\"e-con-inner\">\n\t\t\t\t<div class=\"elementor-element elementor-element-b7fd67e elementor-widget elementor-widget-heading\" data-id=\"b7fd67e\" data-element_type=\"widget\" data-widget_type=\"heading.default\">\n\t\t\t\t<div class=\"elementor-widget-container\">\n\t\t\t<h5 class=\"elementor-heading-title elementor-size-default\">Kullan\u0131m Alanlar\u0131<\/h5>\t\t<\/div>\n\t\t\t\t<\/div>\n\t\t\t\t<div class=\"elementor-element elementor-element-e477084 elementor-widget elementor-widget-text-editor\" data-id=\"e477084\" data-element_type=\"widget\" data-widget_type=\"text-editor.default\">\n\t\t\t\t<div class=\"elementor-widget-container\">\n\t\t\t<style>\/*! elementor - v3.18.0 - 08-12-2023 *\/\n.elementor-widget-text-editor.elementor-drop-cap-view-stacked .elementor-drop-cap{background-color:#69727d;color:#fff}.elementor-widget-text-editor.elementor-drop-cap-view-framed .elementor-drop-cap{color:#69727d;border:3px solid;background-color:transparent}.elementor-widget-text-editor:not(.elementor-drop-cap-view-default) .elementor-drop-cap{margin-top:8px}.elementor-widget-text-editor:not(.elementor-drop-cap-view-default) .elementor-drop-cap-letter{width:1em;height:1em}.elementor-widget-text-editor .elementor-drop-cap{float:left;text-align:center;line-height:1;font-size:50px}.elementor-widget-text-editor .elementor-drop-cap-letter{display:inline-block}<\/style>\t\t\t\t<p>Tah\u0131l ve bakliyat i\u015fleyen tesislerde, y\u00fcksek devirli makinelerin besleme noktalar\u0131nda, \u00fcr\u00fcn i\u00e7indeki metal par\u00e7alar\u0131n\u0131 ay\u0131rmak amac\u0131yla kullan\u0131lmaktad\u0131r.<\/p>\t\t\t\t\t\t<\/div>\n\t\t\t\t<\/div>\n\t\t\t\t<div class=\"elementor-element elementor-element-17c095c elementor-widget elementor-widget-heading\" data-id=\"17c095c\" data-element_type=\"widget\" data-widget_type=\"heading.default\">\n\t\t\t\t<div class=\"elementor-widget-container\">\n\t\t\t<h5 class=\"elementor-heading-title elementor-size-default\">\u00d6zellikleri<\/h5>\t\t<\/div>\n\t\t\t\t<\/div>\n\t\t\t\t<div class=\"elementor-element elementor-element-59ca5f4 elementor-widget elementor-widget-text-editor\" data-id=\"59ca5f4\" data-element_type=\"widget\" data-widget_type=\"text-editor.default\">\n\t\t\t\t<div class=\"elementor-widget-container\">\n\t\t\t\t\t\t\t<p>Makinelerde olu\u015fabilecek ar\u0131za ve hasarlar\u0131 metal par\u00e7alardan kaynaklanan sorunlar nedeniyle \u00f6nceden engellenir ve ayr\u0131ca toz patlamas\u0131 riski \u00f6nlenebilir.<br \/>D\u0131\u015f g\u00f6vde, paslanmaz \u00e7elik malzemeden \u00fcretilmi\u015ftir.<br \/>Bak\u0131m\u0131 ve montaj\u0131 son derece basittir, kolayca \u00e7\u0131kar\u0131labilir ve temizlenebilir.<\/p>\t\t\t\t\t\t<\/div>\n\t\t\t\t<\/div>\n\t\t\t\t<div class=\"elementor-element elementor-element-9a4cdf5 elementor-align-left elementor-widget elementor-widget-button\" data-id=\"9a4cdf5\" data-element_type=\"widget\" data-widget_type=\"button.default\">\n\t\t\t\t<div class=\"elementor-widget-container\">\n\t\t\t\t\t<div class=\"elementor-button-wrapper\">\n\t\t\t<a class=\"elementor-button elementor-button-link elementor-size-xs\" href=\"https:\/\/demolar.metamedya.com\/mcsilo\/wp-content\/uploads\/2023\/11\/borumiknatis-Ozel-1.png\" target=\"_blank\">\n\t\t\t\t\t\t<span class=\"elementor-button-content-wrapper\">\n\t\t\t\t\t\t<span class=\"elementor-button-icon elementor-align-icon-left\">\n\t\t\t\t<i aria-hidden=\"true\" class=\"fas fa-file-pdf\"><\/i>\t\t\t<\/span>\n\t\t\t\t\t\t<span class=\"elementor-button-text\">Detay<\/span>\n\t\t<\/span>\n\t\t\t\t\t<\/a>\n\t\t<\/div>\n\t\t\t\t<\/div>\n\t\t\t\t<\/div>\n\t\t\t\t\t<\/div>\n\t\t\t\t<\/div>\n\t\t\t\t<\/div>\n\t\t<div class=\"elementor-element elementor-element-bbbe24f e-con-full e-flex e-con e-child\" data-id=\"bbbe24f\" data-element_type=\"container\" data-settings=\"{&quot;content_width&quot;:&quot;full&quot;}\">\n\t\t\t\t<div class=\"elementor-element elementor-element-e13e4a5 elementor-hidden-tablet elementor-hidden-mobile elementor-widget elementor-widget-image\" data-id=\"e13e4a5\" data-element_type=\"widget\" data-widget_type=\"image.default\">\n\t\t\t\t<div class=\"elementor-widget-container\">\n\t\t\t\t\t\t\t\t\t\t\t\t\t\t\t<img fetchpriority=\"high\" decoding=\"async\" width=\"1024\" height=\"1024\" src=\"https:\/\/mcsilo.com\/wp-content\/uploads\/2023\/12\/borumiknatis-Ozel-1024x1024.png\" class=\"attachment-large size-large wp-image-3682\" alt=\"\" srcset=\"https:\/\/mcsilo.com\/wp-content\/uploads\/2023\/12\/borumiknatis-Ozel-1024x1024.png 1024w, https:\/\/mcsilo.com\/wp-content\/uploads\/2023\/12\/borumiknatis-Ozel-300x300.png 300w, https:\/\/mcsilo.com\/wp-content\/uploads\/2023\/12\/borumiknatis-Ozel-150x150.png 150w, https:\/\/mcsilo.com\/wp-content\/uploads\/2023\/12\/borumiknatis-Ozel-768x768.png 768w, https:\/\/mcsilo.com\/wp-content\/uploads\/2023\/12\/borumiknatis-Ozel-200x200.png 200w, https:\/\/mcsilo.com\/wp-content\/uploads\/2023\/12\/borumiknatis-Ozel.png 1080w\" sizes=\"(max-width: 1024px) 100vw, 1024px\" \/>\t\t\t\t\t\t\t\t\t\t\t\t\t\t\t<\/div>\n\t\t\t\t<\/div>\n\t\t\t\t<\/div>\n\t\t\t\t\t<\/div>\n\t\t\t\t<\/div>\n\t\t\t\t\t\t\t<\/div>\n\t\t","protected":false},"excerpt":{"rendered":"<p>Temizleme Boru M\u0131knat\u0131s Kullan\u0131m Alanlar\u0131 Tah\u0131l ve bakliyat i\u015fleyen tesislerde, y\u00fcksek devirli makinelerin besleme noktalar\u0131nda, \u00fcr\u00fcn i\u00e7indeki metal par\u00e7alar\u0131n\u0131 ay\u0131rmak amac\u0131yla kullan\u0131lmaktad\u0131r. \u00d6zellikleri Makinelerde olu\u015fabilecek ar\u0131za ve hasarlar\u0131 metal par\u00e7alardan kaynaklanan sorunlar nedeniyle \u00f6nceden engellenir ve ayr\u0131ca toz patlamas\u0131 riski \u00f6nlenebilir.D\u0131\u015f g\u00f6vde, paslanmaz \u00e7elik malzemeden \u00fcretilmi\u015ftir.Bak\u0131m\u0131 ve montaj\u0131 son derece basittir, kolayca \u00e7\u0131kar\u0131labilir ve temizlenebilir. &hellip;<\/p>\n<p class=\"read-more\"> <a class=\"\" href=\"https:\/\/mcsilo.com\/index.php\/borumiknatis\/\"> <span class=\"screen-reader-text\">borumiknatis<\/span> Devam\u0131 &raquo;<\/a><\/p>\n","protected":false},"author":1,"featured_media":0,"parent":0,"menu_order":0,"comment_status":"closed","ping_status":"closed","template":"","meta":{"_uag_custom_page_level_css":"","site-sidebar-layout":"no-sidebar","site-content-layout":"page-builder","ast-site-content-layout":"full-width-container","site-content-style":"default","site-sidebar-style":"default","ast-global-header-display":"","ast-banner-title-visibility":"","ast-main-header-display":"","ast-hfb-above-header-display":"","ast-hfb-below-header-display":"","ast-hfb-mobile-header-display":"","site-post-title":"disabled","ast-breadcrumbs-content":"","ast-featured-img":"disabled","footer-sml-layout":"","theme-transparent-header-meta":"","adv-header-id-meta":"","stick-header-meta":"","header-above-stick-meta":"","header-main-stick-meta":"","header-below-stick-meta":"","astra-migrate-meta-layouts":"set","footnotes":""},"class_list":["post-2980","page","type-page","status-publish","hentry"],"uagb_featured_image_src":{"full":false,"thumbnail":false,"medium":false,"medium_large":false,"large":false,"1536x1536":false,"2048x2048":false,"depicter-thumbnail":false},"uagb_author_info":{"display_name":"admin","author_link":"https:\/\/mcsilo.com\/index.php\/author\/admin\/"},"uagb_comment_info":0,"uagb_excerpt":"Temizleme Boru M\u0131knat\u0131s Kullan\u0131m Alanlar\u0131 Tah\u0131l ve bakliyat i\u015fleyen tesislerde, y\u00fcksek devirli makinelerin besleme noktalar\u0131nda, \u00fcr\u00fcn i\u00e7indeki metal par\u00e7alar\u0131n\u0131 ay\u0131rmak amac\u0131yla kullan\u0131lmaktad\u0131r. \u00d6zellikleri Makinelerde olu\u015fabilecek ar\u0131za ve hasarlar\u0131 metal par\u00e7alardan kaynaklanan sorunlar nedeniyle \u00f6nceden engellenir ve ayr\u0131ca toz patlamas\u0131 riski \u00f6nlenebilir.D\u0131\u015f g\u00f6vde, paslanmaz \u00e7elik malzemeden \u00fcretilmi\u015ftir.Bak\u0131m\u0131 ve montaj\u0131 son derece basittir, kolayca \u00e7\u0131kar\u0131labilir ve temizlenebilir.&hellip;","_links":{"self":[{"href":"https:\/\/mcsilo.com\/index.php\/wp-json\/wp\/v2\/pages\/2980","targetHints":{"allow":["GET"]}}],"collection":[{"href":"https:\/\/mcsilo.com\/index.php\/wp-json\/wp\/v2\/pages"}],"about":[{"href":"https:\/\/mcsilo.com\/index.php\/wp-json\/wp\/v2\/types\/page"}],"author":[{"embeddable":true,"href":"https:\/\/mcsilo.com\/index.php\/wp-json\/wp\/v2\/users\/1"}],"replies":[{"embeddable":true,"href":"https:\/\/mcsilo.com\/index.php\/wp-json\/wp\/v2\/comments?post=2980"}],"version-history":[{"count":7,"href":"https:\/\/mcsilo.com\/index.php\/wp-json\/wp\/v2\/pages\/2980\/revisions"}],"predecessor-version":[{"id":3685,"href":"https:\/\/mcsilo.com\/index.php\/wp-json\/wp\/v2\/pages\/2980\/revisions\/3685"}],"wp:attachment":[{"href":"https:\/\/mcsilo.com\/index.php\/wp-json\/wp\/v2\/media?parent=2980"}],"curies":[{"name":"wp","href":"https:\/\/api.w.org\/{rel}","templated":true}]}}