{"id":2975,"date":"2023-11-16T08:29:09","date_gmt":"2023-11-16T08:29:09","guid":{"rendered":"https:\/\/mcsilo.com\/?page_id=2975"},"modified":"2023-12-08T14:11:23","modified_gmt":"2023-12-08T14:11:23","slug":"aciliyoguntavmakinesi","status":"publish","type":"page","link":"https:\/\/mcsilo.com\/index.php\/aciliyoguntavmakinesi\/","title":{"rendered":"aciliyoguntavmakinesi"},"content":{"rendered":"\t\t<div data-elementor-type=\"wp-page\" data-elementor-id=\"2975\" class=\"elementor elementor-2975\">\n\t\t\t\t\t\t\t<div class=\"elementor-element elementor-element-08c6ecb e-flex e-con-boxed e-con e-parent\" data-id=\"08c6ecb\" data-element_type=\"container\" data-settings=\"{&quot;background_background&quot;:&quot;classic&quot;,&quot;content_width&quot;:&quot;boxed&quot;}\" data-core-v316-plus=\"true\">\n\t\t\t\t\t<div class=\"e-con-inner\">\n\t\t\t\t<div class=\"elementor-element elementor-element-5f60045 elementor-widget elementor-widget-heading\" data-id=\"5f60045\" data-element_type=\"widget\" data-widget_type=\"heading.default\">\n\t\t\t\t<div class=\"elementor-widget-container\">\n\t\t\t<style>\/*! elementor - v3.18.0 - 08-12-2023 *\/\n.elementor-heading-title{padding:0;margin:0;line-height:1}.elementor-widget-heading .elementor-heading-title[class*=elementor-size-]>a{color:inherit;font-size:inherit;line-height:inherit}.elementor-widget-heading .elementor-heading-title.elementor-size-small{font-size:15px}.elementor-widget-heading .elementor-heading-title.elementor-size-medium{font-size:19px}.elementor-widget-heading .elementor-heading-title.elementor-size-large{font-size:29px}.elementor-widget-heading .elementor-heading-title.elementor-size-xl{font-size:39px}.elementor-widget-heading .elementor-heading-title.elementor-size-xxl{font-size:59px}<\/style><h2 class=\"elementor-heading-title elementor-size-default\">Temizleme<\/h2>\t\t<\/div>\n\t\t\t\t<\/div>\n\t\t\t\t\t<\/div>\n\t\t\t\t<\/div>\n\t\t<div class=\"elementor-element elementor-element-ff3dfb2 e-flex e-con-boxed e-con e-parent\" data-id=\"ff3dfb2\" data-element_type=\"container\" data-settings=\"{&quot;background_background&quot;:&quot;classic&quot;,&quot;content_width&quot;:&quot;boxed&quot;}\" data-core-v316-plus=\"true\">\n\t\t\t\t\t<div class=\"e-con-inner\">\n\t\t<div class=\"elementor-element elementor-element-f4de1d6 e-con-full e-flex e-con e-child\" data-id=\"f4de1d6\" data-element_type=\"container\" data-settings=\"{&quot;content_width&quot;:&quot;full&quot;}\">\n\t\t<div class=\"elementor-element elementor-element-b0b649f e-flex e-con-boxed e-con e-child\" data-id=\"b0b649f\" data-element_type=\"container\" data-settings=\"{&quot;content_width&quot;:&quot;boxed&quot;}\">\n\t\t\t\t\t<div class=\"e-con-inner\">\n\t\t\t\t<div class=\"elementor-element elementor-element-0d29aca elementor-hidden-desktop elementor-widget elementor-widget-image\" data-id=\"0d29aca\" data-element_type=\"widget\" data-widget_type=\"image.default\">\n\t\t\t\t<div class=\"elementor-widget-container\">\n\t\t\t<style>\/*! elementor - v3.18.0 - 08-12-2023 *\/\n.elementor-widget-image{text-align:center}.elementor-widget-image a{display:inline-block}.elementor-widget-image a img[src$=\".svg\"]{width:48px}.elementor-widget-image img{vertical-align:middle;display:inline-block}<\/style>\t\t\t\t\t\t\t\t\t\t\t\t<img fetchpriority=\"high\" decoding=\"async\" width=\"1024\" height=\"1024\" src=\"https:\/\/mcsilo.com\/wp-content\/uploads\/2023\/12\/aciliyoguntavmakinasi-Yeni-boyut-1-1024x1024.png\" class=\"attachment-large size-large wp-image-3623\" alt=\"\" srcset=\"https:\/\/mcsilo.com\/wp-content\/uploads\/2023\/12\/aciliyoguntavmakinasi-Yeni-boyut-1-1024x1024.png 1024w, https:\/\/mcsilo.com\/wp-content\/uploads\/2023\/12\/aciliyoguntavmakinasi-Yeni-boyut-1-300x300.png 300w, https:\/\/mcsilo.com\/wp-content\/uploads\/2023\/12\/aciliyoguntavmakinasi-Yeni-boyut-1-150x150.png 150w, https:\/\/mcsilo.com\/wp-content\/uploads\/2023\/12\/aciliyoguntavmakinasi-Yeni-boyut-1-768x768.png 768w, https:\/\/mcsilo.com\/wp-content\/uploads\/2023\/12\/aciliyoguntavmakinasi-Yeni-boyut-1-200x200.png 200w, https:\/\/mcsilo.com\/wp-content\/uploads\/2023\/12\/aciliyoguntavmakinasi-Yeni-boyut-1.png 1080w\" sizes=\"(max-width: 1024px) 100vw, 1024px\" \/>\t\t\t\t\t\t\t\t\t\t\t\t\t\t\t<\/div>\n\t\t\t\t<\/div>\n\t\t\t\t<div class=\"elementor-element elementor-element-44cc94c elementor-widget elementor-widget-heading\" data-id=\"44cc94c\" data-element_type=\"widget\" data-widget_type=\"heading.default\">\n\t\t\t\t<div class=\"elementor-widget-container\">\n\t\t\t<h3 class=\"elementor-heading-title elementor-size-default\">A\u00e7\u0131l\u0131 Yo\u011fun Tav Makinesi<\/h3>\t\t<\/div>\n\t\t\t\t<\/div>\n\t\t\t\t\t<\/div>\n\t\t\t\t<\/div>\n\t\t<div class=\"elementor-element elementor-element-e1a3694 e-flex e-con-boxed e-con e-child\" data-id=\"e1a3694\" data-element_type=\"container\" data-settings=\"{&quot;content_width&quot;:&quot;boxed&quot;}\">\n\t\t\t\t\t<div class=\"e-con-inner\">\n\t\t\t\t<div class=\"elementor-element elementor-element-b7fd67e elementor-widget elementor-widget-heading\" data-id=\"b7fd67e\" data-element_type=\"widget\" data-widget_type=\"heading.default\">\n\t\t\t\t<div class=\"elementor-widget-container\">\n\t\t\t<h5 class=\"elementor-heading-title elementor-size-default\">Kullan\u0131m Alanlar\u0131<\/h5>\t\t<\/div>\n\t\t\t\t<\/div>\n\t\t\t\t<div class=\"elementor-element elementor-element-e477084 elementor-widget elementor-widget-text-editor\" data-id=\"e477084\" data-element_type=\"widget\" data-widget_type=\"text-editor.default\">\n\t\t\t\t<div class=\"elementor-widget-container\">\n\t\t\t<style>\/*! elementor - v3.18.0 - 08-12-2023 *\/\n.elementor-widget-text-editor.elementor-drop-cap-view-stacked .elementor-drop-cap{background-color:#69727d;color:#fff}.elementor-widget-text-editor.elementor-drop-cap-view-framed .elementor-drop-cap{color:#69727d;border:3px solid;background-color:transparent}.elementor-widget-text-editor:not(.elementor-drop-cap-view-default) .elementor-drop-cap{margin-top:8px}.elementor-widget-text-editor:not(.elementor-drop-cap-view-default) .elementor-drop-cap-letter{width:1em;height:1em}.elementor-widget-text-editor .elementor-drop-cap{float:left;text-align:center;line-height:1;font-size:50px}.elementor-widget-text-editor .elementor-drop-cap-letter{display:inline-block}<\/style>\t\t\t\t<p>Bu\u011fday tanesinin \u00f6\u011f\u00fctme s\u00fcrecinde kullan\u0131lan, un fabrikalar\u0131nda bu\u011fday\u0131n ideal nem seviyesine ula\u015fmas\u0131n\u0131 sa\u011flayan bir uygulamad\u0131r.<\/p>\t\t\t\t\t\t<\/div>\n\t\t\t\t<\/div>\n\t\t\t\t<div class=\"elementor-element elementor-element-17c095c elementor-widget elementor-widget-heading\" data-id=\"17c095c\" data-element_type=\"widget\" data-widget_type=\"heading.default\">\n\t\t\t\t<div class=\"elementor-widget-container\">\n\t\t\t<h5 class=\"elementor-heading-title elementor-size-default\">\u00d6zellikleri<\/h5>\t\t<\/div>\n\t\t\t\t<\/div>\n\t\t\t\t<div class=\"elementor-element elementor-element-140abb0 elementor-widget elementor-widget-text-editor\" data-id=\"140abb0\" data-element_type=\"widget\" data-widget_type=\"text-editor.default\">\n\t\t\t\t<div class=\"elementor-widget-container\">\n\t\t\t\t\t\t\t<p>G\u00f6vdesi, paslanmaz \u00e7elik sacdan \u00f6zenle imal edilmi\u015ftir. Rotor \u00fczerine yerle\u015ftirilen paletler ise a\u015f\u0131nmaya kar\u015f\u0131 dayan\u0131kl\u0131 malzemeden \u00fcretilmi\u015f olup, bu\u011fday tanelerini ovalayarak ve su ile homojen bir kar\u0131\u015f\u0131m elde etmek amac\u0131yla yukar\u0131 y\u00f6nl\u00fc ta\u015f\u0131ma g\u00f6revini \u00fcstlenir. Bu tasar\u0131m, daha d\u00fc\u015f\u00fck g\u00fc\u00e7 t\u00fcketimi ile suyun bu\u011fday tanelerine etkin bir \u015fekilde n\u00fcfuz etmesini sa\u011flar.D\u00fc\u015f\u00fck rotor devri, bu\u011fday tanelerinin k\u0131r\u0131lmas\u0131n\u0131 \u00f6nlerken, kar\u0131\u015ft\u0131r\u0131c\u0131 paletlerin uzun \u00f6m\u00fcrl\u00fc olmas\u0131na katk\u0131da bulunur. \u00dcr\u00fcn\u00fcn i\u00e7indeki hareketi kolayca izleyebilmeniz i\u00e7in kullan\u0131lan \u00fcst kapak ise dayan\u0131kl\u0131 Plexiglass malzemesinden \u00fcretilmi\u015ftir.Bu cihaz, debimetreli su ayar cihaz\u0131 ile birlikte kullan\u0131larak daha hassas bir kontrol sunar, b\u00f6ylece bu\u011fday\u0131n nem seviyesinin istenen seviyede kalmas\u0131n\u0131 sa\u011flar.<\/p>\t\t\t\t\t\t<\/div>\n\t\t\t\t<\/div>\n\t\t\t\t<div class=\"elementor-element elementor-element-b255496 elementor-align-left elementor-widget elementor-widget-button\" data-id=\"b255496\" data-element_type=\"widget\" data-widget_type=\"button.default\">\n\t\t\t\t<div class=\"elementor-widget-container\">\n\t\t\t\t\t<div class=\"elementor-button-wrapper\">\n\t\t\t<a class=\"elementor-button elementor-button-link elementor-size-xs\" href=\"https:\/\/demolar.metamedya.com\/mcsilo\/wp-content\/uploads\/2023\/11\/aciliyoguntavmakinasi-Ozel-1.png\" target=\"_blank\">\n\t\t\t\t\t\t<span class=\"elementor-button-content-wrapper\">\n\t\t\t\t\t\t<span class=\"elementor-button-icon elementor-align-icon-left\">\n\t\t\t\t<i aria-hidden=\"true\" class=\"fas fa-file-pdf\"><\/i>\t\t\t<\/span>\n\t\t\t\t\t\t<span class=\"elementor-button-text\">Detay<\/span>\n\t\t<\/span>\n\t\t\t\t\t<\/a>\n\t\t<\/div>\n\t\t\t\t<\/div>\n\t\t\t\t<\/div>\n\t\t\t\t\t<\/div>\n\t\t\t\t<\/div>\n\t\t\t\t<\/div>\n\t\t<div class=\"elementor-element elementor-element-bbbe24f e-con-full e-flex e-con e-child\" data-id=\"bbbe24f\" data-element_type=\"container\" data-settings=\"{&quot;content_width&quot;:&quot;full&quot;}\">\n\t\t\t\t<div class=\"elementor-element elementor-element-e13e4a5 elementor-hidden-tablet elementor-hidden-mobile elementor-widget elementor-widget-image\" data-id=\"e13e4a5\" data-element_type=\"widget\" data-widget_type=\"image.default\">\n\t\t\t\t<div class=\"elementor-widget-container\">\n\t\t\t\t\t\t\t\t\t\t\t\t\t\t\t<img fetchpriority=\"high\" decoding=\"async\" width=\"1024\" height=\"1024\" src=\"https:\/\/mcsilo.com\/wp-content\/uploads\/2023\/12\/aciliyoguntavmakinasi-Yeni-boyut-1-1024x1024.png\" class=\"attachment-large size-large wp-image-3623\" alt=\"\" srcset=\"https:\/\/mcsilo.com\/wp-content\/uploads\/2023\/12\/aciliyoguntavmakinasi-Yeni-boyut-1-1024x1024.png 1024w, https:\/\/mcsilo.com\/wp-content\/uploads\/2023\/12\/aciliyoguntavmakinasi-Yeni-boyut-1-300x300.png 300w, https:\/\/mcsilo.com\/wp-content\/uploads\/2023\/12\/aciliyoguntavmakinasi-Yeni-boyut-1-150x150.png 150w, https:\/\/mcsilo.com\/wp-content\/uploads\/2023\/12\/aciliyoguntavmakinasi-Yeni-boyut-1-768x768.png 768w, https:\/\/mcsilo.com\/wp-content\/uploads\/2023\/12\/aciliyoguntavmakinasi-Yeni-boyut-1-200x200.png 200w, https:\/\/mcsilo.com\/wp-content\/uploads\/2023\/12\/aciliyoguntavmakinasi-Yeni-boyut-1.png 1080w\" sizes=\"(max-width: 1024px) 100vw, 1024px\" \/>\t\t\t\t\t\t\t\t\t\t\t\t\t\t\t<\/div>\n\t\t\t\t<\/div>\n\t\t\t\t<\/div>\n\t\t\t\t\t<\/div>\n\t\t\t\t<\/div>\n\t\t\t\t\t\t\t<\/div>\n\t\t","protected":false},"excerpt":{"rendered":"<p>Temizleme A\u00e7\u0131l\u0131 Yo\u011fun Tav Makinesi Kullan\u0131m Alanlar\u0131 Bu\u011fday tanesinin \u00f6\u011f\u00fctme s\u00fcrecinde kullan\u0131lan, un fabrikalar\u0131nda bu\u011fday\u0131n ideal nem seviyesine ula\u015fmas\u0131n\u0131 sa\u011flayan bir uygulamad\u0131r. \u00d6zellikleri G\u00f6vdesi, paslanmaz \u00e7elik sacdan \u00f6zenle imal edilmi\u015ftir. Rotor \u00fczerine yerle\u015ftirilen paletler ise a\u015f\u0131nmaya kar\u015f\u0131 dayan\u0131kl\u0131 malzemeden \u00fcretilmi\u015f olup, bu\u011fday tanelerini ovalayarak ve su ile homojen bir kar\u0131\u015f\u0131m elde etmek amac\u0131yla yukar\u0131 y\u00f6nl\u00fc &hellip;<\/p>\n<p class=\"read-more\"> <a class=\"\" href=\"https:\/\/mcsilo.com\/index.php\/aciliyoguntavmakinesi\/\"> <span class=\"screen-reader-text\">aciliyoguntavmakinesi<\/span> Devam\u0131 &raquo;<\/a><\/p>\n","protected":false},"author":1,"featured_media":0,"parent":0,"menu_order":0,"comment_status":"closed","ping_status":"closed","template":"","meta":{"_uag_custom_page_level_css":"","site-sidebar-layout":"no-sidebar","site-content-layout":"page-builder","ast-site-content-layout":"full-width-container","site-content-style":"default","site-sidebar-style":"default","ast-global-header-display":"","ast-banner-title-visibility":"","ast-main-header-display":"","ast-hfb-above-header-display":"","ast-hfb-below-header-display":"","ast-hfb-mobile-header-display":"","site-post-title":"disabled","ast-breadcrumbs-content":"","ast-featured-img":"disabled","footer-sml-layout":"","theme-transparent-header-meta":"","adv-header-id-meta":"","stick-header-meta":"","header-above-stick-meta":"","header-main-stick-meta":"","header-below-stick-meta":"","astra-migrate-meta-layouts":"set","footnotes":""},"class_list":["post-2975","page","type-page","status-publish","hentry"],"uagb_featured_image_src":{"full":false,"thumbnail":false,"medium":false,"medium_large":false,"large":false,"1536x1536":false,"2048x2048":false,"depicter-thumbnail":false},"uagb_author_info":{"display_name":"admin","author_link":"https:\/\/mcsilo.com\/index.php\/author\/admin\/"},"uagb_comment_info":0,"uagb_excerpt":"Temizleme A\u00e7\u0131l\u0131 Yo\u011fun Tav Makinesi Kullan\u0131m Alanlar\u0131 Bu\u011fday tanesinin \u00f6\u011f\u00fctme s\u00fcrecinde kullan\u0131lan, un fabrikalar\u0131nda bu\u011fday\u0131n ideal nem seviyesine ula\u015fmas\u0131n\u0131 sa\u011flayan bir uygulamad\u0131r. \u00d6zellikleri G\u00f6vdesi, paslanmaz \u00e7elik sacdan \u00f6zenle imal edilmi\u015ftir. Rotor \u00fczerine yerle\u015ftirilen paletler ise a\u015f\u0131nmaya kar\u015f\u0131 dayan\u0131kl\u0131 malzemeden \u00fcretilmi\u015f olup, bu\u011fday tanelerini ovalayarak ve su ile homojen bir kar\u0131\u015f\u0131m elde etmek amac\u0131yla yukar\u0131 y\u00f6nl\u00fc&hellip;","_links":{"self":[{"href":"https:\/\/mcsilo.com\/index.php\/wp-json\/wp\/v2\/pages\/2975","targetHints":{"allow":["GET"]}}],"collection":[{"href":"https:\/\/mcsilo.com\/index.php\/wp-json\/wp\/v2\/pages"}],"about":[{"href":"https:\/\/mcsilo.com\/index.php\/wp-json\/wp\/v2\/types\/page"}],"author":[{"embeddable":true,"href":"https:\/\/mcsilo.com\/index.php\/wp-json\/wp\/v2\/users\/1"}],"replies":[{"embeddable":true,"href":"https:\/\/mcsilo.com\/index.php\/wp-json\/wp\/v2\/comments?post=2975"}],"version-history":[{"count":16,"href":"https:\/\/mcsilo.com\/index.php\/wp-json\/wp\/v2\/pages\/2975\/revisions"}],"predecessor-version":[{"id":3644,"href":"https:\/\/mcsilo.com\/index.php\/wp-json\/wp\/v2\/pages\/2975\/revisions\/3644"}],"wp:attachment":[{"href":"https:\/\/mcsilo.com\/index.php\/wp-json\/wp\/v2\/media?parent=2975"}],"curies":[{"name":"wp","href":"https:\/\/api.w.org\/{rel}","templated":true}]}}