{"id":2970,"date":"2023-11-16T08:24:28","date_gmt":"2023-11-16T08:24:28","guid":{"rendered":"https:\/\/mcsilo.com\/?page_id=2970"},"modified":"2023-12-08T17:34:16","modified_gmt":"2023-12-08T17:34:16","slug":"zincirlikonveyor","status":"publish","type":"page","link":"https:\/\/mcsilo.com\/index.php\/zincirlikonveyor\/","title":{"rendered":"zincirlikonveyor"},"content":{"rendered":"\t\t<div data-elementor-type=\"wp-page\" data-elementor-id=\"2970\" class=\"elementor elementor-2970\">\n\t\t\t\t\t\t\t<div class=\"elementor-element elementor-element-d7a3997 e-flex e-con-boxed e-con e-parent\" data-id=\"d7a3997\" data-element_type=\"container\" data-settings=\"{&quot;background_background&quot;:&quot;classic&quot;,&quot;content_width&quot;:&quot;boxed&quot;}\" data-core-v316-plus=\"true\">\n\t\t\t\t\t<div class=\"e-con-inner\">\n\t\t\t\t<div class=\"elementor-element elementor-element-15dfd68 elementor-widget elementor-widget-heading\" data-id=\"15dfd68\" data-element_type=\"widget\" data-widget_type=\"heading.default\">\n\t\t\t\t<div class=\"elementor-widget-container\">\n\t\t\t<style>\/*! elementor - v3.18.0 - 08-12-2023 *\/\n.elementor-heading-title{padding:0;margin:0;line-height:1}.elementor-widget-heading .elementor-heading-title[class*=elementor-size-]>a{color:inherit;font-size:inherit;line-height:inherit}.elementor-widget-heading .elementor-heading-title.elementor-size-small{font-size:15px}.elementor-widget-heading .elementor-heading-title.elementor-size-medium{font-size:19px}.elementor-widget-heading .elementor-heading-title.elementor-size-large{font-size:29px}.elementor-widget-heading .elementor-heading-title.elementor-size-xl{font-size:39px}.elementor-widget-heading .elementor-heading-title.elementor-size-xxl{font-size:59px}<\/style><h2 class=\"elementor-heading-title elementor-size-default\">Ta\u015f\u0131ma<\/h2>\t\t<\/div>\n\t\t\t\t<\/div>\n\t\t\t\t\t<\/div>\n\t\t\t\t<\/div>\n\t\t<div class=\"elementor-element elementor-element-ff3dfb2 e-flex e-con-boxed e-con e-parent\" data-id=\"ff3dfb2\" data-element_type=\"container\" data-settings=\"{&quot;background_background&quot;:&quot;classic&quot;,&quot;content_width&quot;:&quot;boxed&quot;}\" data-core-v316-plus=\"true\">\n\t\t\t\t\t<div class=\"e-con-inner\">\n\t\t<div class=\"elementor-element elementor-element-f4de1d6 e-con-full e-flex e-con e-child\" data-id=\"f4de1d6\" data-element_type=\"container\" data-settings=\"{&quot;content_width&quot;:&quot;full&quot;}\">\n\t\t<div class=\"elementor-element elementor-element-b0b649f e-flex e-con-boxed e-con e-child\" data-id=\"b0b649f\" data-element_type=\"container\" data-settings=\"{&quot;content_width&quot;:&quot;boxed&quot;}\">\n\t\t\t\t\t<div class=\"e-con-inner\">\n\t\t\t\t<div class=\"elementor-element elementor-element-0d29aca elementor-hidden-desktop elementor-widget elementor-widget-image\" data-id=\"0d29aca\" data-element_type=\"widget\" data-widget_type=\"image.default\">\n\t\t\t\t<div class=\"elementor-widget-container\">\n\t\t\t<style>\/*! elementor - v3.18.0 - 08-12-2023 *\/\n.elementor-widget-image{text-align:center}.elementor-widget-image a{display:inline-block}.elementor-widget-image a img[src$=\".svg\"]{width:48px}.elementor-widget-image img{vertical-align:middle;display:inline-block}<\/style>\t\t\t\t\t\t\t\t\t\t\t\t<img fetchpriority=\"high\" decoding=\"async\" width=\"1024\" height=\"1024\" src=\"https:\/\/mcsilo.com\/wp-content\/uploads\/2023\/12\/zincirlikonveyor-Ozel-1-1024x1024.png\" class=\"attachment-large size-large wp-image-3735\" alt=\"\" srcset=\"https:\/\/mcsilo.com\/wp-content\/uploads\/2023\/12\/zincirlikonveyor-Ozel-1-1024x1024.png 1024w, https:\/\/mcsilo.com\/wp-content\/uploads\/2023\/12\/zincirlikonveyor-Ozel-1-300x300.png 300w, https:\/\/mcsilo.com\/wp-content\/uploads\/2023\/12\/zincirlikonveyor-Ozel-1-150x150.png 150w, https:\/\/mcsilo.com\/wp-content\/uploads\/2023\/12\/zincirlikonveyor-Ozel-1-768x768.png 768w, https:\/\/mcsilo.com\/wp-content\/uploads\/2023\/12\/zincirlikonveyor-Ozel-1-200x200.png 200w, https:\/\/mcsilo.com\/wp-content\/uploads\/2023\/12\/zincirlikonveyor-Ozel-1.png 1080w\" sizes=\"(max-width: 1024px) 100vw, 1024px\" \/>\t\t\t\t\t\t\t\t\t\t\t\t\t\t\t<\/div>\n\t\t\t\t<\/div>\n\t\t\t\t<div class=\"elementor-element elementor-element-44cc94c elementor-widget elementor-widget-heading\" data-id=\"44cc94c\" data-element_type=\"widget\" data-widget_type=\"heading.default\">\n\t\t\t\t<div class=\"elementor-widget-container\">\n\t\t\t<h3 class=\"elementor-heading-title elementor-size-default\">Zincirli Konveyor<\/h3>\t\t<\/div>\n\t\t\t\t<\/div>\n\t\t\t\t\t<\/div>\n\t\t\t\t<\/div>\n\t\t<div class=\"elementor-element elementor-element-e1a3694 e-flex e-con-boxed e-con e-child\" data-id=\"e1a3694\" data-element_type=\"container\" data-settings=\"{&quot;content_width&quot;:&quot;boxed&quot;}\">\n\t\t\t\t\t<div class=\"e-con-inner\">\n\t\t\t\t<div class=\"elementor-element elementor-element-b7fd67e elementor-widget elementor-widget-heading\" data-id=\"b7fd67e\" data-element_type=\"widget\" data-widget_type=\"heading.default\">\n\t\t\t\t<div class=\"elementor-widget-container\">\n\t\t\t<h5 class=\"elementor-heading-title elementor-size-default\">Kullan\u0131m Alanlar\u0131<\/h5>\t\t<\/div>\n\t\t\t\t<\/div>\n\t\t\t\t<div class=\"elementor-element elementor-element-e477084 elementor-widget elementor-widget-text-editor\" data-id=\"e477084\" data-element_type=\"widget\" data-widget_type=\"text-editor.default\">\n\t\t\t\t<div class=\"elementor-widget-container\">\n\t\t\t<style>\/*! elementor - v3.18.0 - 08-12-2023 *\/\n.elementor-widget-text-editor.elementor-drop-cap-view-stacked .elementor-drop-cap{background-color:#69727d;color:#fff}.elementor-widget-text-editor.elementor-drop-cap-view-framed .elementor-drop-cap{color:#69727d;border:3px solid;background-color:transparent}.elementor-widget-text-editor:not(.elementor-drop-cap-view-default) .elementor-drop-cap{margin-top:8px}.elementor-widget-text-editor:not(.elementor-drop-cap-view-default) .elementor-drop-cap-letter{width:1em;height:1em}.elementor-widget-text-editor .elementor-drop-cap{float:left;text-align:center;line-height:1;font-size:50px}.elementor-widget-text-editor .elementor-drop-cap-letter{display:inline-block}<\/style>\t\t\t\t<p>Bu sistem, tah\u0131l\u0131n y\u00fcksek kapasitelerde ta\u015f\u0131nmas\u0131 i\u00e7in kullan\u0131l\u0131r ve saatte 20 ton ile 300 ton aras\u0131nda geni\u015f bir kapasiteye sahiptir.<\/p>\t\t\t\t\t\t<\/div>\n\t\t\t\t<\/div>\n\t\t\t\t<div class=\"elementor-element elementor-element-17c095c elementor-widget elementor-widget-heading\" data-id=\"17c095c\" data-element_type=\"widget\" data-widget_type=\"heading.default\">\n\t\t\t\t<div class=\"elementor-widget-container\">\n\t\t\t<h5 class=\"elementor-heading-title elementor-size-default\">\u00d6zellikleri<\/h5>\t\t<\/div>\n\t\t\t\t<\/div>\n\t\t\t\t<div class=\"elementor-element elementor-element-140abb0 elementor-widget elementor-widget-text-editor\" data-id=\"140abb0\" data-element_type=\"widget\" data-widget_type=\"text-editor.default\">\n\t\t\t\t<div class=\"elementor-widget-container\">\n\t\t\t\t\t\t\t<p>Bu sistemde kullan\u0131lan zincirler, \u00f6zel olarak sertle\u015ftirilmi\u015f olup zorlu \u00e7al\u0131\u015fma ko\u015fullar\u0131na uyum sa\u011flayacak \u015fekilde tasarlanm\u0131\u015ft\u0131r. Hububat kaz\u0131y\u0131c\u0131 plastik kanatlar, konvey\u00f6r kasas\u0131n\u0131n y\u00fczeyi ile zincirler aras\u0131ndaki s\u00fcrt\u00fcnmeyi en aza indirir. \u00d6zel plastik malzemeden yap\u0131lan hububat kaz\u0131y\u0131c\u0131 kanatlar, civatal\u0131 sistemle birle\u015ftirilir ve konvey\u00f6r zincirleri \u00fczerine monte edilir. Zincirler, konvey\u00f6r kasas\u0131 i\u00e7erisinde belli aral\u0131klarla yerle\u015ftirilen \u00f6zel plastik makaralar \u00fczerinde kolayca hareket eder. Di\u015fliler ise \u00e7elikten imal edilmi\u015f ve semente ile sertle\u015ftirilmi\u015ftir.<\/p>\t\t\t\t\t\t<\/div>\n\t\t\t\t<\/div>\n\t\t\t\t<div class=\"elementor-element elementor-element-affddc5 elementor-align-left elementor-widget elementor-widget-button\" data-id=\"affddc5\" data-element_type=\"widget\" data-widget_type=\"button.default\">\n\t\t\t\t<div class=\"elementor-widget-container\">\n\t\t\t\t\t<div class=\"elementor-button-wrapper\">\n\t\t\t<a class=\"elementor-button elementor-button-link elementor-size-xs\" href=\"https:\/\/demolar.metamedya.com\/mcsilo\/wp-content\/uploads\/2023\/11\/zincirlikonveyor-Ozel-1.png\" target=\"_blank\">\n\t\t\t\t\t\t<span class=\"elementor-button-content-wrapper\">\n\t\t\t\t\t\t<span class=\"elementor-button-icon elementor-align-icon-left\">\n\t\t\t\t<i aria-hidden=\"true\" class=\"fas fa-file-pdf\"><\/i>\t\t\t<\/span>\n\t\t\t\t\t\t<span class=\"elementor-button-text\">Detay<\/span>\n\t\t<\/span>\n\t\t\t\t\t<\/a>\n\t\t<\/div>\n\t\t\t\t<\/div>\n\t\t\t\t<\/div>\n\t\t\t\t\t<\/div>\n\t\t\t\t<\/div>\n\t\t\t\t<\/div>\n\t\t<div class=\"elementor-element elementor-element-bbbe24f e-con-full e-flex e-con e-child\" data-id=\"bbbe24f\" data-element_type=\"container\" data-settings=\"{&quot;content_width&quot;:&quot;full&quot;}\">\n\t\t\t\t<div class=\"elementor-element elementor-element-e13e4a5 elementor-hidden-tablet elementor-hidden-mobile elementor-widget elementor-widget-image\" data-id=\"e13e4a5\" data-element_type=\"widget\" data-widget_type=\"image.default\">\n\t\t\t\t<div class=\"elementor-widget-container\">\n\t\t\t\t\t\t\t\t\t\t\t\t\t\t\t<img fetchpriority=\"high\" decoding=\"async\" width=\"1024\" height=\"1024\" src=\"https:\/\/mcsilo.com\/wp-content\/uploads\/2023\/12\/zincirlikonveyor-Ozel-1-1024x1024.png\" class=\"attachment-large size-large wp-image-3735\" alt=\"\" srcset=\"https:\/\/mcsilo.com\/wp-content\/uploads\/2023\/12\/zincirlikonveyor-Ozel-1-1024x1024.png 1024w, https:\/\/mcsilo.com\/wp-content\/uploads\/2023\/12\/zincirlikonveyor-Ozel-1-300x300.png 300w, https:\/\/mcsilo.com\/wp-content\/uploads\/2023\/12\/zincirlikonveyor-Ozel-1-150x150.png 150w, https:\/\/mcsilo.com\/wp-content\/uploads\/2023\/12\/zincirlikonveyor-Ozel-1-768x768.png 768w, https:\/\/mcsilo.com\/wp-content\/uploads\/2023\/12\/zincirlikonveyor-Ozel-1-200x200.png 200w, https:\/\/mcsilo.com\/wp-content\/uploads\/2023\/12\/zincirlikonveyor-Ozel-1.png 1080w\" sizes=\"(max-width: 1024px) 100vw, 1024px\" \/>\t\t\t\t\t\t\t\t\t\t\t\t\t\t\t<\/div>\n\t\t\t\t<\/div>\n\t\t\t\t<\/div>\n\t\t\t\t\t<\/div>\n\t\t\t\t<\/div>\n\t\t\t\t\t\t\t<\/div>\n\t\t","protected":false},"excerpt":{"rendered":"<p>Ta\u015f\u0131ma Zincirli Konveyor Kullan\u0131m Alanlar\u0131 Bu sistem, tah\u0131l\u0131n y\u00fcksek kapasitelerde ta\u015f\u0131nmas\u0131 i\u00e7in kullan\u0131l\u0131r ve saatte 20 ton ile 300 ton aras\u0131nda geni\u015f bir kapasiteye sahiptir. \u00d6zellikleri Bu sistemde kullan\u0131lan zincirler, \u00f6zel olarak sertle\u015ftirilmi\u015f olup zorlu \u00e7al\u0131\u015fma ko\u015fullar\u0131na uyum sa\u011flayacak \u015fekilde tasarlanm\u0131\u015ft\u0131r. Hububat kaz\u0131y\u0131c\u0131 plastik kanatlar, konvey\u00f6r kasas\u0131n\u0131n y\u00fczeyi ile zincirler aras\u0131ndaki s\u00fcrt\u00fcnmeyi en aza indirir. &hellip;<\/p>\n<p class=\"read-more\"> <a class=\"\" href=\"https:\/\/mcsilo.com\/index.php\/zincirlikonveyor\/\"> <span class=\"screen-reader-text\">zincirlikonveyor<\/span> Devam\u0131 &raquo;<\/a><\/p>\n","protected":false},"author":1,"featured_media":0,"parent":0,"menu_order":0,"comment_status":"closed","ping_status":"closed","template":"","meta":{"_uag_custom_page_level_css":"","site-sidebar-layout":"no-sidebar","site-content-layout":"page-builder","ast-site-content-layout":"full-width-container","site-content-style":"default","site-sidebar-style":"default","ast-global-header-display":"","ast-banner-title-visibility":"","ast-main-header-display":"","ast-hfb-above-header-display":"","ast-hfb-below-header-display":"","ast-hfb-mobile-header-display":"","site-post-title":"disabled","ast-breadcrumbs-content":"","ast-featured-img":"disabled","footer-sml-layout":"","theme-transparent-header-meta":"","adv-header-id-meta":"","stick-header-meta":"","header-above-stick-meta":"","header-main-stick-meta":"","header-below-stick-meta":"","astra-migrate-meta-layouts":"set","footnotes":""},"class_list":["post-2970","page","type-page","status-publish","hentry"],"uagb_featured_image_src":{"full":false,"thumbnail":false,"medium":false,"medium_large":false,"large":false,"1536x1536":false,"2048x2048":false,"depicter-thumbnail":false},"uagb_author_info":{"display_name":"admin","author_link":"https:\/\/mcsilo.com\/index.php\/author\/admin\/"},"uagb_comment_info":0,"uagb_excerpt":"Ta\u015f\u0131ma Zincirli Konveyor Kullan\u0131m Alanlar\u0131 Bu sistem, tah\u0131l\u0131n y\u00fcksek kapasitelerde ta\u015f\u0131nmas\u0131 i\u00e7in kullan\u0131l\u0131r ve saatte 20 ton ile 300 ton aras\u0131nda geni\u015f bir kapasiteye sahiptir. \u00d6zellikleri Bu sistemde kullan\u0131lan zincirler, \u00f6zel olarak sertle\u015ftirilmi\u015f olup zorlu \u00e7al\u0131\u015fma ko\u015fullar\u0131na uyum sa\u011flayacak \u015fekilde tasarlanm\u0131\u015ft\u0131r. Hububat kaz\u0131y\u0131c\u0131 plastik kanatlar, konvey\u00f6r kasas\u0131n\u0131n y\u00fczeyi ile zincirler aras\u0131ndaki s\u00fcrt\u00fcnmeyi en aza indirir.&hellip;","_links":{"self":[{"href":"https:\/\/mcsilo.com\/index.php\/wp-json\/wp\/v2\/pages\/2970","targetHints":{"allow":["GET"]}}],"collection":[{"href":"https:\/\/mcsilo.com\/index.php\/wp-json\/wp\/v2\/pages"}],"about":[{"href":"https:\/\/mcsilo.com\/index.php\/wp-json\/wp\/v2\/types\/page"}],"author":[{"embeddable":true,"href":"https:\/\/mcsilo.com\/index.php\/wp-json\/wp\/v2\/users\/1"}],"replies":[{"embeddable":true,"href":"https:\/\/mcsilo.com\/index.php\/wp-json\/wp\/v2\/comments?post=2970"}],"version-history":[{"count":10,"href":"https:\/\/mcsilo.com\/index.php\/wp-json\/wp\/v2\/pages\/2970\/revisions"}],"predecessor-version":[{"id":3894,"href":"https:\/\/mcsilo.com\/index.php\/wp-json\/wp\/v2\/pages\/2970\/revisions\/3894"}],"wp:attachment":[{"href":"https:\/\/mcsilo.com\/index.php\/wp-json\/wp\/v2\/media?parent=2970"}],"curies":[{"name":"wp","href":"https:\/\/api.w.org\/{rel}","templated":true}]}}