{"id":2911,"date":"2023-11-15T15:03:53","date_gmt":"2023-11-15T15:03:53","guid":{"rendered":"https:\/\/mcsilo.com\/?page_id=2911"},"modified":"2023-12-08T17:32:54","modified_gmt":"2023-12-08T17:32:54","slug":"elevator","status":"publish","type":"page","link":"https:\/\/mcsilo.com\/index.php\/elevator\/","title":{"rendered":"elevator"},"content":{"rendered":"\t\t<div data-elementor-type=\"wp-page\" data-elementor-id=\"2911\" class=\"elementor elementor-2911\">\n\t\t\t\t\t\t\t<div class=\"elementor-element elementor-element-0ceff9e e-flex e-con-boxed e-con e-parent\" data-id=\"0ceff9e\" data-element_type=\"container\" data-settings=\"{&quot;background_background&quot;:&quot;classic&quot;,&quot;content_width&quot;:&quot;boxed&quot;}\" data-core-v316-plus=\"true\">\n\t\t\t\t\t<div class=\"e-con-inner\">\n\t\t\t\t<div class=\"elementor-element elementor-element-af6ca82 elementor-widget elementor-widget-heading\" data-id=\"af6ca82\" data-element_type=\"widget\" data-widget_type=\"heading.default\">\n\t\t\t\t<div class=\"elementor-widget-container\">\n\t\t\t<style>\/*! elementor - v3.18.0 - 08-12-2023 *\/\n.elementor-heading-title{padding:0;margin:0;line-height:1}.elementor-widget-heading .elementor-heading-title[class*=elementor-size-]>a{color:inherit;font-size:inherit;line-height:inherit}.elementor-widget-heading .elementor-heading-title.elementor-size-small{font-size:15px}.elementor-widget-heading .elementor-heading-title.elementor-size-medium{font-size:19px}.elementor-widget-heading .elementor-heading-title.elementor-size-large{font-size:29px}.elementor-widget-heading .elementor-heading-title.elementor-size-xl{font-size:39px}.elementor-widget-heading .elementor-heading-title.elementor-size-xxl{font-size:59px}<\/style><h2 class=\"elementor-heading-title elementor-size-default\">Ta\u015f\u0131ma<\/h2>\t\t<\/div>\n\t\t\t\t<\/div>\n\t\t\t\t\t<\/div>\n\t\t\t\t<\/div>\n\t\t<div class=\"elementor-element elementor-element-ff3dfb2 e-flex e-con-boxed e-con e-parent\" data-id=\"ff3dfb2\" data-element_type=\"container\" data-settings=\"{&quot;background_background&quot;:&quot;classic&quot;,&quot;content_width&quot;:&quot;boxed&quot;}\" data-core-v316-plus=\"true\">\n\t\t\t\t\t<div class=\"e-con-inner\">\n\t\t<div class=\"elementor-element elementor-element-f4de1d6 e-con-full e-flex e-con e-child\" data-id=\"f4de1d6\" data-element_type=\"container\" data-settings=\"{&quot;content_width&quot;:&quot;full&quot;}\">\n\t\t<div class=\"elementor-element elementor-element-b0b649f e-flex e-con-boxed e-con e-child\" data-id=\"b0b649f\" data-element_type=\"container\" data-settings=\"{&quot;content_width&quot;:&quot;boxed&quot;}\">\n\t\t\t\t\t<div class=\"e-con-inner\">\n\t\t\t\t<div class=\"elementor-element elementor-element-0d29aca elementor-hidden-desktop elementor-widget elementor-widget-image\" data-id=\"0d29aca\" data-element_type=\"widget\" data-widget_type=\"image.default\">\n\t\t\t\t<div class=\"elementor-widget-container\">\n\t\t\t<style>\/*! elementor - v3.18.0 - 08-12-2023 *\/\n.elementor-widget-image{text-align:center}.elementor-widget-image a{display:inline-block}.elementor-widget-image a img[src$=\".svg\"]{width:48px}.elementor-widget-image img{vertical-align:middle;display:inline-block}<\/style>\t\t\t\t\t\t\t\t\t\t\t\t<img fetchpriority=\"high\" decoding=\"async\" width=\"1024\" height=\"1024\" src=\"https:\/\/mcsilo.com\/wp-content\/uploads\/2023\/12\/elevator-Ozel-1024x1024.png\" class=\"attachment-large size-large wp-image-3724\" alt=\"\" srcset=\"https:\/\/mcsilo.com\/wp-content\/uploads\/2023\/12\/elevator-Ozel-1024x1024.png 1024w, https:\/\/mcsilo.com\/wp-content\/uploads\/2023\/12\/elevator-Ozel-300x300.png 300w, https:\/\/mcsilo.com\/wp-content\/uploads\/2023\/12\/elevator-Ozel-150x150.png 150w, https:\/\/mcsilo.com\/wp-content\/uploads\/2023\/12\/elevator-Ozel-768x768.png 768w, https:\/\/mcsilo.com\/wp-content\/uploads\/2023\/12\/elevator-Ozel-200x200.png 200w, https:\/\/mcsilo.com\/wp-content\/uploads\/2023\/12\/elevator-Ozel.png 1080w\" sizes=\"(max-width: 1024px) 100vw, 1024px\" \/>\t\t\t\t\t\t\t\t\t\t\t\t\t\t\t<\/div>\n\t\t\t\t<\/div>\n\t\t\t\t<div class=\"elementor-element elementor-element-44cc94c elementor-widget elementor-widget-heading\" data-id=\"44cc94c\" data-element_type=\"widget\" data-widget_type=\"heading.default\">\n\t\t\t\t<div class=\"elementor-widget-container\">\n\t\t\t<h3 class=\"elementor-heading-title elementor-size-default\">Elevator<\/h3>\t\t<\/div>\n\t\t\t\t<\/div>\n\t\t\t\t\t<\/div>\n\t\t\t\t<\/div>\n\t\t<div class=\"elementor-element elementor-element-e1a3694 e-flex e-con-boxed e-con e-child\" data-id=\"e1a3694\" data-element_type=\"container\" data-settings=\"{&quot;content_width&quot;:&quot;boxed&quot;}\">\n\t\t\t\t\t<div class=\"e-con-inner\">\n\t\t\t\t<div class=\"elementor-element elementor-element-b7fd67e elementor-widget elementor-widget-heading\" data-id=\"b7fd67e\" data-element_type=\"widget\" data-widget_type=\"heading.default\">\n\t\t\t\t<div class=\"elementor-widget-container\">\n\t\t\t<h5 class=\"elementor-heading-title elementor-size-default\">Kullan\u0131m Alanlar\u0131<\/h5>\t\t<\/div>\n\t\t\t\t<\/div>\n\t\t\t\t<div class=\"elementor-element elementor-element-e477084 elementor-widget elementor-widget-text-editor\" data-id=\"e477084\" data-element_type=\"widget\" data-widget_type=\"text-editor.default\">\n\t\t\t\t<div class=\"elementor-widget-container\">\n\t\t\t<style>\/*! elementor - v3.18.0 - 08-12-2023 *\/\n.elementor-widget-text-editor.elementor-drop-cap-view-stacked .elementor-drop-cap{background-color:#69727d;color:#fff}.elementor-widget-text-editor.elementor-drop-cap-view-framed .elementor-drop-cap{color:#69727d;border:3px solid;background-color:transparent}.elementor-widget-text-editor:not(.elementor-drop-cap-view-default) .elementor-drop-cap{margin-top:8px}.elementor-widget-text-editor:not(.elementor-drop-cap-view-default) .elementor-drop-cap-letter{width:1em;height:1em}.elementor-widget-text-editor .elementor-drop-cap{float:left;text-align:center;line-height:1;font-size:50px}.elementor-widget-text-editor .elementor-drop-cap-letter{display:inline-block}<\/style>\t\t\t\t<p>Dikey y\u00f6nde her t\u00fcrl\u00fc hububat, bakliyat ve \u00f6\u011f\u00fctme \u00fcr\u00fcn\u00fcn\u00fcn ta\u015f\u0131nmas\u0131 i\u00e7in kullan\u0131l\u0131r<\/p>\t\t\t\t\t\t<\/div>\n\t\t\t\t<\/div>\n\t\t\t\t<div class=\"elementor-element elementor-element-17c095c elementor-widget elementor-widget-heading\" data-id=\"17c095c\" data-element_type=\"widget\" data-widget_type=\"heading.default\">\n\t\t\t\t<div class=\"elementor-widget-container\">\n\t\t\t<h5 class=\"elementor-heading-title elementor-size-default\">\u00d6zellikleri<\/h5>\t\t<\/div>\n\t\t\t\t<\/div>\n\t\t\t\t<div class=\"elementor-element elementor-element-140abb0 elementor-widget elementor-widget-text-editor\" data-id=\"140abb0\" data-element_type=\"widget\" data-widget_type=\"text-editor.default\">\n\t\t\t\t<div class=\"elementor-widget-container\">\n\t\t\t\t\t\t\t<p>Elevat\u00f6r\u00fcn \u00fcst ba\u015fl\u0131\u011f\u0131, s\u00f6k\u00fclebilir bir \u015fekilde \u00e7elikten imal edilmi\u015f ve galvaniz kapl\u0131d\u0131r. \u0130htiya\u00e7 duyuldu\u011funda \u00fcst ba\u015fl\u0131k iki par\u00e7a halinde s\u00f6k\u00fclebilir ve ba\u011flant\u0131lar\u0131 civatalarla tasarlanm\u0131\u015ft\u0131r. Elevat\u00f6r borular\u0131, 1,5 mm veya 2 mm kal\u0131nl\u0131\u011f\u0131nda galvanizli \u00e7elikten \u00fcretilmektedir. Borulardan bir adedi, kova ba\u011flamak i\u00e7in s\u00f6k\u00fclebilir \u00f6zelliktedir.<\/p><p>\u00dcr\u00fcn giri\u015f ve \u00e7\u0131k\u0131\u015f b\u00f6lgelerinde a\u015f\u0131nmay\u0131 \u00f6nlemek i\u00e7in al\u0131nan tedbirler ve makine giri\u015fine yerle\u015ftirilen darbe kutusu, a\u015f\u0131nma \u00f6nlemlerini i\u00e7ermektedir. Kasnak, kay\u0131\u015f\u0131n sapmas\u0131n\u0131 engelleyecek \u015fekilde tasarlanm\u0131\u015f olup, opsiyonel olarak sens\u00f6rler de kasna\u011fa entegre edilebilir. Alt ve \u00fcst ba\u015fl\u0131kta bulunan kapaklar, makinenin rahat\u00e7a temizlenebilmesi ve bak\u0131m\u0131n\u0131n kolayl\u0131kla yap\u0131labilmesi i\u00e7in tasarlanm\u0131\u015ft\u0131r.<\/p><p>Toz patlamas\u0131n\u0131 \u00f6nlemek amac\u0131yla \u00e7e\u015fitli b\u00f6lgelere yerle\u015ftirilen toz patlama kapaklar\u0131 ve her elevat\u00f6rden yap\u0131lan aspirasyon, toz kontrol\u00fcn\u00fc sa\u011flar. Un kovalar\u0131n\u0131n alt\u0131na hava \u00e7\u0131k\u0131\u015f\u0131 i\u00e7in delikler yerle\u015ftirilmi\u015ftir. Plastik kovalar tercihe ba\u011fl\u0131 olarak kullan\u0131labilmekte ve kay\u0131\u015f d\u00f6n\u00fc\u015f h\u0131z\u0131 izlenebilmektedir. Galvanizli kolon borular\u0131, makinenin sa\u011flam bir destek altyap\u0131s\u0131na sahip olmas\u0131n\u0131 sa\u011flar.<\/p><p>Elevat\u00f6r y\u00fcksekli\u011fi 12 metreyi a\u015ft\u0131\u011f\u0131nda kullan\u0131lan kilitli motorlar, g\u00fcvenli ve stabil bir performans sa\u011flamak \u00fczere tercih edilmi\u015ftir.<\/p>\t\t\t\t\t\t<\/div>\n\t\t\t\t<\/div>\n\t\t\t\t<div class=\"elementor-element elementor-element-50d25ff elementor-align-left elementor-widget elementor-widget-button\" data-id=\"50d25ff\" data-element_type=\"widget\" data-widget_type=\"button.default\">\n\t\t\t\t<div class=\"elementor-widget-container\">\n\t\t\t\t\t<div class=\"elementor-button-wrapper\">\n\t\t\t<a class=\"elementor-button elementor-button-link elementor-size-xs\" href=\"https:\/\/demolar.metamedya.com\/mcsilo\/wp-content\/uploads\/2023\/11\/elevator-Ozel-1.png\" target=\"_blank\">\n\t\t\t\t\t\t<span class=\"elementor-button-content-wrapper\">\n\t\t\t\t\t\t<span class=\"elementor-button-icon elementor-align-icon-left\">\n\t\t\t\t<i aria-hidden=\"true\" class=\"fas fa-file-pdf\"><\/i>\t\t\t<\/span>\n\t\t\t\t\t\t<span class=\"elementor-button-text\">Detay<\/span>\n\t\t<\/span>\n\t\t\t\t\t<\/a>\n\t\t<\/div>\n\t\t\t\t<\/div>\n\t\t\t\t<\/div>\n\t\t\t\t\t<\/div>\n\t\t\t\t<\/div>\n\t\t\t\t<\/div>\n\t\t<div class=\"elementor-element elementor-element-bbbe24f e-con-full e-flex e-con e-child\" data-id=\"bbbe24f\" data-element_type=\"container\" data-settings=\"{&quot;content_width&quot;:&quot;full&quot;}\">\n\t\t\t\t<div class=\"elementor-element elementor-element-e13e4a5 elementor-hidden-tablet elementor-hidden-mobile elementor-widget elementor-widget-image\" data-id=\"e13e4a5\" data-element_type=\"widget\" data-widget_type=\"image.default\">\n\t\t\t\t<div class=\"elementor-widget-container\">\n\t\t\t\t\t\t\t\t\t\t\t\t\t\t\t<img fetchpriority=\"high\" decoding=\"async\" width=\"1024\" height=\"1024\" src=\"https:\/\/mcsilo.com\/wp-content\/uploads\/2023\/12\/elevator-Ozel-1024x1024.png\" class=\"attachment-large size-large wp-image-3724\" alt=\"\" srcset=\"https:\/\/mcsilo.com\/wp-content\/uploads\/2023\/12\/elevator-Ozel-1024x1024.png 1024w, https:\/\/mcsilo.com\/wp-content\/uploads\/2023\/12\/elevator-Ozel-300x300.png 300w, https:\/\/mcsilo.com\/wp-content\/uploads\/2023\/12\/elevator-Ozel-150x150.png 150w, https:\/\/mcsilo.com\/wp-content\/uploads\/2023\/12\/elevator-Ozel-768x768.png 768w, https:\/\/mcsilo.com\/wp-content\/uploads\/2023\/12\/elevator-Ozel-200x200.png 200w, https:\/\/mcsilo.com\/wp-content\/uploads\/2023\/12\/elevator-Ozel.png 1080w\" sizes=\"(max-width: 1024px) 100vw, 1024px\" \/>\t\t\t\t\t\t\t\t\t\t\t\t\t\t\t<\/div>\n\t\t\t\t<\/div>\n\t\t\t\t<\/div>\n\t\t\t\t\t<\/div>\n\t\t\t\t<\/div>\n\t\t\t\t\t\t\t<\/div>\n\t\t","protected":false},"excerpt":{"rendered":"<p>Ta\u015f\u0131ma Elevator Kullan\u0131m Alanlar\u0131 Dikey y\u00f6nde her t\u00fcrl\u00fc hububat, bakliyat ve \u00f6\u011f\u00fctme \u00fcr\u00fcn\u00fcn\u00fcn ta\u015f\u0131nmas\u0131 i\u00e7in kullan\u0131l\u0131r \u00d6zellikleri Elevat\u00f6r\u00fcn \u00fcst ba\u015fl\u0131\u011f\u0131, s\u00f6k\u00fclebilir bir \u015fekilde \u00e7elikten imal edilmi\u015f ve galvaniz kapl\u0131d\u0131r. \u0130htiya\u00e7 duyuldu\u011funda \u00fcst ba\u015fl\u0131k iki par\u00e7a halinde s\u00f6k\u00fclebilir ve ba\u011flant\u0131lar\u0131 civatalarla tasarlanm\u0131\u015ft\u0131r. Elevat\u00f6r borular\u0131, 1,5 mm veya 2 mm kal\u0131nl\u0131\u011f\u0131nda galvanizli \u00e7elikten \u00fcretilmektedir. Borulardan bir adedi, &hellip;<\/p>\n<p class=\"read-more\"> <a class=\"\" href=\"https:\/\/mcsilo.com\/index.php\/elevator\/\"> <span class=\"screen-reader-text\">elevator<\/span> Devam\u0131 &raquo;<\/a><\/p>\n","protected":false},"author":1,"featured_media":0,"parent":0,"menu_order":0,"comment_status":"closed","ping_status":"closed","template":"","meta":{"_uag_custom_page_level_css":"","site-sidebar-layout":"no-sidebar","site-content-layout":"page-builder","ast-site-content-layout":"full-width-container","site-content-style":"default","site-sidebar-style":"default","ast-global-header-display":"","ast-banner-title-visibility":"","ast-main-header-display":"","ast-hfb-above-header-display":"","ast-hfb-below-header-display":"","ast-hfb-mobile-header-display":"","site-post-title":"disabled","ast-breadcrumbs-content":"","ast-featured-img":"disabled","footer-sml-layout":"","theme-transparent-header-meta":"","adv-header-id-meta":"","stick-header-meta":"","header-above-stick-meta":"","header-main-stick-meta":"","header-below-stick-meta":"","astra-migrate-meta-layouts":"set","footnotes":""},"class_list":["post-2911","page","type-page","status-publish","hentry"],"uagb_featured_image_src":{"full":false,"thumbnail":false,"medium":false,"medium_large":false,"large":false,"1536x1536":false,"2048x2048":false,"depicter-thumbnail":false},"uagb_author_info":{"display_name":"admin","author_link":"https:\/\/mcsilo.com\/index.php\/author\/admin\/"},"uagb_comment_info":0,"uagb_excerpt":"Ta\u015f\u0131ma Elevator Kullan\u0131m Alanlar\u0131 Dikey y\u00f6nde her t\u00fcrl\u00fc hububat, bakliyat ve \u00f6\u011f\u00fctme \u00fcr\u00fcn\u00fcn\u00fcn ta\u015f\u0131nmas\u0131 i\u00e7in kullan\u0131l\u0131r \u00d6zellikleri Elevat\u00f6r\u00fcn \u00fcst ba\u015fl\u0131\u011f\u0131, s\u00f6k\u00fclebilir bir \u015fekilde \u00e7elikten imal edilmi\u015f ve galvaniz kapl\u0131d\u0131r. \u0130htiya\u00e7 duyuldu\u011funda \u00fcst ba\u015fl\u0131k iki par\u00e7a halinde s\u00f6k\u00fclebilir ve ba\u011flant\u0131lar\u0131 civatalarla tasarlanm\u0131\u015ft\u0131r. Elevat\u00f6r borular\u0131, 1,5 mm veya 2 mm kal\u0131nl\u0131\u011f\u0131nda galvanizli \u00e7elikten \u00fcretilmektedir. Borulardan bir adedi,&hellip;","_links":{"self":[{"href":"https:\/\/mcsilo.com\/index.php\/wp-json\/wp\/v2\/pages\/2911","targetHints":{"allow":["GET"]}}],"collection":[{"href":"https:\/\/mcsilo.com\/index.php\/wp-json\/wp\/v2\/pages"}],"about":[{"href":"https:\/\/mcsilo.com\/index.php\/wp-json\/wp\/v2\/types\/page"}],"author":[{"embeddable":true,"href":"https:\/\/mcsilo.com\/index.php\/wp-json\/wp\/v2\/users\/1"}],"replies":[{"embeddable":true,"href":"https:\/\/mcsilo.com\/index.php\/wp-json\/wp\/v2\/comments?post=2911"}],"version-history":[{"count":10,"href":"https:\/\/mcsilo.com\/index.php\/wp-json\/wp\/v2\/pages\/2911\/revisions"}],"predecessor-version":[{"id":3876,"href":"https:\/\/mcsilo.com\/index.php\/wp-json\/wp\/v2\/pages\/2911\/revisions\/3876"}],"wp:attachment":[{"href":"https:\/\/mcsilo.com\/index.php\/wp-json\/wp\/v2\/media?parent=2911"}],"curies":[{"name":"wp","href":"https:\/\/api.w.org\/{rel}","templated":true}]}}