{"id":2887,"date":"2023-11-15T14:53:10","date_gmt":"2023-11-15T14:53:10","guid":{"rendered":"https:\/\/mcsilo.com\/?page_id=2887"},"modified":"2023-12-08T17:36:39","modified_gmt":"2023-12-08T17:36:39","slug":"vibrosilobosaltici","status":"publish","type":"page","link":"https:\/\/mcsilo.com\/index.php\/vibrosilobosaltici\/","title":{"rendered":"vibrosilobosaltici"},"content":{"rendered":"\t\t<div data-elementor-type=\"wp-page\" data-elementor-id=\"2887\" class=\"elementor elementor-2887\">\n\t\t\t\t\t\t\t<div class=\"elementor-element elementor-element-fe93b73 e-flex e-con-boxed e-con e-parent\" data-id=\"fe93b73\" data-element_type=\"container\" data-settings=\"{&quot;background_background&quot;:&quot;classic&quot;,&quot;content_width&quot;:&quot;boxed&quot;}\" data-core-v316-plus=\"true\">\n\t\t\t\t\t<div class=\"e-con-inner\">\n\t\t\t\t<div class=\"elementor-element elementor-element-0f472fb elementor-widget elementor-widget-heading\" data-id=\"0f472fb\" data-element_type=\"widget\" data-widget_type=\"heading.default\">\n\t\t\t\t<div class=\"elementor-widget-container\">\n\t\t\t<style>\/*! elementor - v3.18.0 - 08-12-2023 *\/\n.elementor-heading-title{padding:0;margin:0;line-height:1}.elementor-widget-heading .elementor-heading-title[class*=elementor-size-]>a{color:inherit;font-size:inherit;line-height:inherit}.elementor-widget-heading .elementor-heading-title.elementor-size-small{font-size:15px}.elementor-widget-heading .elementor-heading-title.elementor-size-medium{font-size:19px}.elementor-widget-heading .elementor-heading-title.elementor-size-large{font-size:29px}.elementor-widget-heading .elementor-heading-title.elementor-size-xl{font-size:39px}.elementor-widget-heading .elementor-heading-title.elementor-size-xxl{font-size:59px}<\/style><h2 class=\"elementor-heading-title elementor-size-default\">Paketleme<\/h2>\t\t<\/div>\n\t\t\t\t<\/div>\n\t\t\t\t\t<\/div>\n\t\t\t\t<\/div>\n\t\t<div class=\"elementor-element elementor-element-ff3dfb2 e-flex e-con-boxed e-con e-parent\" data-id=\"ff3dfb2\" data-element_type=\"container\" data-settings=\"{&quot;background_background&quot;:&quot;classic&quot;,&quot;content_width&quot;:&quot;boxed&quot;}\" data-core-v316-plus=\"true\">\n\t\t\t\t\t<div class=\"e-con-inner\">\n\t\t<div class=\"elementor-element elementor-element-f4de1d6 e-con-full e-flex e-con e-child\" data-id=\"f4de1d6\" data-element_type=\"container\" data-settings=\"{&quot;content_width&quot;:&quot;full&quot;}\">\n\t\t<div class=\"elementor-element elementor-element-b0b649f e-flex e-con-boxed e-con e-child\" data-id=\"b0b649f\" data-element_type=\"container\" data-settings=\"{&quot;content_width&quot;:&quot;boxed&quot;}\">\n\t\t\t\t\t<div class=\"e-con-inner\">\n\t\t\t\t<div class=\"elementor-element elementor-element-0d29aca elementor-hidden-desktop elementor-widget elementor-widget-image\" data-id=\"0d29aca\" data-element_type=\"widget\" data-widget_type=\"image.default\">\n\t\t\t\t<div class=\"elementor-widget-container\">\n\t\t\t<style>\/*! elementor - v3.18.0 - 08-12-2023 *\/\n.elementor-widget-image{text-align:center}.elementor-widget-image a{display:inline-block}.elementor-widget-image a img[src$=\".svg\"]{width:48px}.elementor-widget-image img{vertical-align:middle;display:inline-block}<\/style>\t\t\t\t\t\t\t\t\t\t\t\t<img fetchpriority=\"high\" decoding=\"async\" width=\"1024\" height=\"1024\" src=\"https:\/\/mcsilo.com\/wp-content\/uploads\/2023\/12\/vibrosilobosaltici-Ozel-1024x1024.png\" class=\"attachment-large size-large wp-image-3845\" alt=\"\" srcset=\"https:\/\/mcsilo.com\/wp-content\/uploads\/2023\/12\/vibrosilobosaltici-Ozel-1024x1024.png 1024w, https:\/\/mcsilo.com\/wp-content\/uploads\/2023\/12\/vibrosilobosaltici-Ozel-300x300.png 300w, https:\/\/mcsilo.com\/wp-content\/uploads\/2023\/12\/vibrosilobosaltici-Ozel-150x150.png 150w, https:\/\/mcsilo.com\/wp-content\/uploads\/2023\/12\/vibrosilobosaltici-Ozel-768x768.png 768w, https:\/\/mcsilo.com\/wp-content\/uploads\/2023\/12\/vibrosilobosaltici-Ozel-200x200.png 200w, https:\/\/mcsilo.com\/wp-content\/uploads\/2023\/12\/vibrosilobosaltici-Ozel.png 1080w\" sizes=\"(max-width: 1024px) 100vw, 1024px\" \/>\t\t\t\t\t\t\t\t\t\t\t\t\t\t\t<\/div>\n\t\t\t\t<\/div>\n\t\t\t\t<div class=\"elementor-element elementor-element-44cc94c elementor-widget elementor-widget-heading\" data-id=\"44cc94c\" data-element_type=\"widget\" data-widget_type=\"heading.default\">\n\t\t\t\t<div class=\"elementor-widget-container\">\n\t\t\t<h3 class=\"elementor-heading-title elementor-size-default\">Vibro Silo Bo\u015falt\u0131c\u0131<\/h3>\t\t<\/div>\n\t\t\t\t<\/div>\n\t\t\t\t\t<\/div>\n\t\t\t\t<\/div>\n\t\t<div class=\"elementor-element elementor-element-e1a3694 e-flex e-con-boxed e-con e-child\" data-id=\"e1a3694\" data-element_type=\"container\" data-settings=\"{&quot;content_width&quot;:&quot;boxed&quot;}\">\n\t\t\t\t\t<div class=\"e-con-inner\">\n\t\t\t\t<div class=\"elementor-element elementor-element-b7fd67e elementor-widget elementor-widget-heading\" data-id=\"b7fd67e\" data-element_type=\"widget\" data-widget_type=\"heading.default\">\n\t\t\t\t<div class=\"elementor-widget-container\">\n\t\t\t<h5 class=\"elementor-heading-title elementor-size-default\">Kullan\u0131m Alanlar\u0131<\/h5>\t\t<\/div>\n\t\t\t\t<\/div>\n\t\t\t\t<div class=\"elementor-element elementor-element-e477084 elementor-widget elementor-widget-text-editor\" data-id=\"e477084\" data-element_type=\"widget\" data-widget_type=\"text-editor.default\">\n\t\t\t\t<div class=\"elementor-widget-container\">\n\t\t\t<style>\/*! elementor - v3.18.0 - 08-12-2023 *\/\n.elementor-widget-text-editor.elementor-drop-cap-view-stacked .elementor-drop-cap{background-color:#69727d;color:#fff}.elementor-widget-text-editor.elementor-drop-cap-view-framed .elementor-drop-cap{color:#69727d;border:3px solid;background-color:transparent}.elementor-widget-text-editor:not(.elementor-drop-cap-view-default) .elementor-drop-cap{margin-top:8px}.elementor-widget-text-editor:not(.elementor-drop-cap-view-default) .elementor-drop-cap-letter{width:1em;height:1em}.elementor-widget-text-editor .elementor-drop-cap{float:left;text-align:center;line-height:1;font-size:50px}.elementor-widget-text-editor .elementor-drop-cap-letter{display:inline-block}<\/style>\t\t\t\t<p>Bu sistem, ak\u0131c\u0131 veya zor ak\u0131c\u0131 \u00f6zelliklere sahip \u00fcr\u00fcnleri, \u00e7elik ve beton silolardan bo\u015faltmak i\u00e7in kullan\u0131l\u0131r. Ak\u0131c\u0131 olmayan veya yava\u015f ak\u0131c\u0131 \u00fcr\u00fcnlerin depolama silolar\u0131ndan etkili bir \u015fekilde bo\u015falt\u0131lmas\u0131n\u0131 sa\u011flamak amac\u0131yla tasarlanm\u0131\u015ft\u0131r. Ak\u0131c\u0131 olmayan \u00fcr\u00fcnler, depolama silolar\u0131nda s\u0131k\u0131\u015fma veya blokaj olu\u015fturabilir, bu nedenle bu t\u00fcr \u00fcr\u00fcnlerin verimli bir \u015fekilde bo\u015falt\u0131lmas\u0131 i\u00e7in \u00f6zel tasarlanm\u0131\u015f bir sistem gereklidir. Bu sistem, \u00fcr\u00fcnlerin silolardan kontroll\u00fc bir \u015fekilde \u00e7\u0131kmas\u0131n\u0131 sa\u011flayarak \u00fcretim s\u00fcre\u00e7lerini d\u00fczenler ve sistem performans\u0131n\u0131 art\u0131r\u0131r.<\/p>\t\t\t\t\t\t<\/div>\n\t\t\t\t<\/div>\n\t\t\t\t<div class=\"elementor-element elementor-element-17c095c elementor-widget elementor-widget-heading\" data-id=\"17c095c\" data-element_type=\"widget\" data-widget_type=\"heading.default\">\n\t\t\t\t<div class=\"elementor-widget-container\">\n\t\t\t<h5 class=\"elementor-heading-title elementor-size-default\">\u00d6zellikleri<\/h5>\t\t<\/div>\n\t\t\t\t<\/div>\n\t\t\t\t<div class=\"elementor-element elementor-element-140abb0 elementor-widget elementor-widget-text-editor\" data-id=\"140abb0\" data-element_type=\"widget\" data-widget_type=\"text-editor.default\">\n\t\t\t\t<div class=\"elementor-widget-container\">\n\t\t\t\t\t\t\t<p>Bu sistem, \u00fcr\u00fcn ak\u0131\u015f\u0131n\u0131 kolayla\u015ft\u0131rarak homojen ak\u0131\u015f ve kar\u0131\u015f\u0131m sa\u011flar. Silo i\u00e7indeki \u00fcr\u00fcn\u00fcn makineye sa\u011fl\u0131kl\u0131 bir \u015fekilde bo\u015falt\u0131lmas\u0131n\u0131 \u00f6nleyen titre\u015fimli bir bo\u015falt\u0131c\u0131d\u0131r. Vibro motor yard\u0131m\u0131yla olu\u015fturulan titre\u015fim, \u00fcr\u00fcn\u00fcn d\u00fczenli ve etkili bir \u015fekilde bo\u015falt\u0131lmas\u0131n\u0131 sa\u011flar. Mafsallarda kullan\u0131lan kau\u00e7uk, titre\u015fimin yukar\u0131ya ge\u00e7mesini engeller ve sistem performans\u0131n\u0131 art\u0131r\u0131r. \u00c7elikten imal edilmi\u015f olup, istenirse paslanmaz \u00e7elik kullan\u0131labilir.<\/p><p>Bu sistem, \u00f6zellikle un, irmik, kepek gibi d\u00f6kme malzemelerin silolardan bo\u015falt\u0131lmas\u0131nda kullan\u0131l\u0131r. \u0130\u00e7 k\u0131sm\u0131 \u00fcr\u00fcn ak\u0131\u015f\u0131n\u0131 kolayla\u015ft\u0131ran epoksi boya ile boyanm\u0131\u015ft\u0131r. Silo bo\u015falt\u0131c\u0131n\u0131n \u00e7\u0131k\u0131\u015f\u0131nda t\u00fcp vidal\u0131 helezonlar ba\u011flanarak \u00fcr\u00fcn ak\u0131\u015f\u0131 kontrol alt\u0131nda tutulur. Silo doluyken bile mekanik par\u00e7alara d\u0131\u015far\u0131dan ula\u015f\u0131labilme ve bak\u0131m imkan\u0131 vard\u0131r. Filtre \u00e7\u0131k\u0131\u015flar\u0131nda ise tozlu materyallerin ak\u0131\u015f\u0131nda olu\u015fan s\u0131k\u0131\u015fmay\u0131 \u00f6nler. Bu sistem d\u00fc\u015f\u00fck enerji sarfiyat\u0131na sahiptir, tamir ve bak\u0131m\u0131 kolayd\u0131r, m\u00fckemmel s\u0131zd\u0131rmazl\u0131k sa\u011flar.<\/p>\t\t\t\t\t\t<\/div>\n\t\t\t\t<\/div>\n\t\t\t\t<div class=\"elementor-element elementor-element-ed43a15 elementor-align-left elementor-widget elementor-widget-button\" data-id=\"ed43a15\" data-element_type=\"widget\" data-widget_type=\"button.default\">\n\t\t\t\t<div class=\"elementor-widget-container\">\n\t\t\t\t\t<div class=\"elementor-button-wrapper\">\n\t\t\t<a class=\"elementor-button elementor-button-link elementor-size-xs\" href=\"https:\/\/demolar.metamedya.com\/mcsilo\/wp-content\/uploads\/2023\/11\/vibrosilobosaltici-Ozel-1.png\" target=\"_blank\">\n\t\t\t\t\t\t<span class=\"elementor-button-content-wrapper\">\n\t\t\t\t\t\t<span class=\"elementor-button-icon elementor-align-icon-left\">\n\t\t\t\t<i aria-hidden=\"true\" class=\"fas fa-file-pdf\"><\/i>\t\t\t<\/span>\n\t\t\t\t\t\t<span class=\"elementor-button-text\">Detay<\/span>\n\t\t<\/span>\n\t\t\t\t\t<\/a>\n\t\t<\/div>\n\t\t\t\t<\/div>\n\t\t\t\t<\/div>\n\t\t\t\t\t<\/div>\n\t\t\t\t<\/div>\n\t\t\t\t<\/div>\n\t\t<div class=\"elementor-element elementor-element-bbbe24f e-con-full e-flex e-con e-child\" data-id=\"bbbe24f\" data-element_type=\"container\" data-settings=\"{&quot;content_width&quot;:&quot;full&quot;}\">\n\t\t\t\t<div class=\"elementor-element elementor-element-e13e4a5 elementor-hidden-tablet elementor-hidden-mobile elementor-widget elementor-widget-image\" data-id=\"e13e4a5\" data-element_type=\"widget\" data-widget_type=\"image.default\">\n\t\t\t\t<div class=\"elementor-widget-container\">\n\t\t\t\t\t\t\t\t\t\t\t\t\t\t\t<img fetchpriority=\"high\" decoding=\"async\" width=\"1024\" height=\"1024\" src=\"https:\/\/mcsilo.com\/wp-content\/uploads\/2023\/12\/vibrosilobosaltici-Ozel-1024x1024.png\" class=\"attachment-large size-large wp-image-3845\" alt=\"\" srcset=\"https:\/\/mcsilo.com\/wp-content\/uploads\/2023\/12\/vibrosilobosaltici-Ozel-1024x1024.png 1024w, https:\/\/mcsilo.com\/wp-content\/uploads\/2023\/12\/vibrosilobosaltici-Ozel-300x300.png 300w, https:\/\/mcsilo.com\/wp-content\/uploads\/2023\/12\/vibrosilobosaltici-Ozel-150x150.png 150w, https:\/\/mcsilo.com\/wp-content\/uploads\/2023\/12\/vibrosilobosaltici-Ozel-768x768.png 768w, https:\/\/mcsilo.com\/wp-content\/uploads\/2023\/12\/vibrosilobosaltici-Ozel-200x200.png 200w, https:\/\/mcsilo.com\/wp-content\/uploads\/2023\/12\/vibrosilobosaltici-Ozel.png 1080w\" sizes=\"(max-width: 1024px) 100vw, 1024px\" \/>\t\t\t\t\t\t\t\t\t\t\t\t\t\t\t<\/div>\n\t\t\t\t<\/div>\n\t\t\t\t<\/div>\n\t\t\t\t\t<\/div>\n\t\t\t\t<\/div>\n\t\t\t\t\t\t\t<\/div>\n\t\t","protected":false},"excerpt":{"rendered":"<p>Paketleme Vibro Silo Bo\u015falt\u0131c\u0131 Kullan\u0131m Alanlar\u0131 Bu sistem, ak\u0131c\u0131 veya zor ak\u0131c\u0131 \u00f6zelliklere sahip \u00fcr\u00fcnleri, \u00e7elik ve beton silolardan bo\u015faltmak i\u00e7in kullan\u0131l\u0131r. Ak\u0131c\u0131 olmayan veya yava\u015f ak\u0131c\u0131 \u00fcr\u00fcnlerin depolama silolar\u0131ndan etkili bir \u015fekilde bo\u015falt\u0131lmas\u0131n\u0131 sa\u011flamak amac\u0131yla tasarlanm\u0131\u015ft\u0131r. Ak\u0131c\u0131 olmayan \u00fcr\u00fcnler, depolama silolar\u0131nda s\u0131k\u0131\u015fma veya blokaj olu\u015fturabilir, bu nedenle bu t\u00fcr \u00fcr\u00fcnlerin verimli bir \u015fekilde bo\u015falt\u0131lmas\u0131 &hellip;<\/p>\n<p class=\"read-more\"> <a class=\"\" href=\"https:\/\/mcsilo.com\/index.php\/vibrosilobosaltici\/\"> <span class=\"screen-reader-text\">vibrosilobosaltici<\/span> Devam\u0131 &raquo;<\/a><\/p>\n","protected":false},"author":1,"featured_media":0,"parent":0,"menu_order":0,"comment_status":"closed","ping_status":"closed","template":"","meta":{"_uag_custom_page_level_css":"","site-sidebar-layout":"no-sidebar","site-content-layout":"page-builder","ast-site-content-layout":"full-width-container","site-content-style":"default","site-sidebar-style":"default","ast-global-header-display":"","ast-banner-title-visibility":"","ast-main-header-display":"","ast-hfb-above-header-display":"","ast-hfb-below-header-display":"","ast-hfb-mobile-header-display":"","site-post-title":"disabled","ast-breadcrumbs-content":"","ast-featured-img":"disabled","footer-sml-layout":"","theme-transparent-header-meta":"","adv-header-id-meta":"","stick-header-meta":"","header-above-stick-meta":"","header-main-stick-meta":"","header-below-stick-meta":"","astra-migrate-meta-layouts":"set","footnotes":""},"class_list":["post-2887","page","type-page","status-publish","hentry"],"uagb_featured_image_src":{"full":false,"thumbnail":false,"medium":false,"medium_large":false,"large":false,"1536x1536":false,"2048x2048":false,"depicter-thumbnail":false},"uagb_author_info":{"display_name":"admin","author_link":"https:\/\/mcsilo.com\/index.php\/author\/admin\/"},"uagb_comment_info":0,"uagb_excerpt":"Paketleme Vibro Silo Bo\u015falt\u0131c\u0131 Kullan\u0131m Alanlar\u0131 Bu sistem, ak\u0131c\u0131 veya zor ak\u0131c\u0131 \u00f6zelliklere sahip \u00fcr\u00fcnleri, \u00e7elik ve beton silolardan bo\u015faltmak i\u00e7in kullan\u0131l\u0131r. Ak\u0131c\u0131 olmayan veya yava\u015f ak\u0131c\u0131 \u00fcr\u00fcnlerin depolama silolar\u0131ndan etkili bir \u015fekilde bo\u015falt\u0131lmas\u0131n\u0131 sa\u011flamak amac\u0131yla tasarlanm\u0131\u015ft\u0131r. Ak\u0131c\u0131 olmayan \u00fcr\u00fcnler, depolama silolar\u0131nda s\u0131k\u0131\u015fma veya blokaj olu\u015fturabilir, bu nedenle bu t\u00fcr \u00fcr\u00fcnlerin verimli bir \u015fekilde bo\u015falt\u0131lmas\u0131&hellip;","_links":{"self":[{"href":"https:\/\/mcsilo.com\/index.php\/wp-json\/wp\/v2\/pages\/2887","targetHints":{"allow":["GET"]}}],"collection":[{"href":"https:\/\/mcsilo.com\/index.php\/wp-json\/wp\/v2\/pages"}],"about":[{"href":"https:\/\/mcsilo.com\/index.php\/wp-json\/wp\/v2\/types\/page"}],"author":[{"embeddable":true,"href":"https:\/\/mcsilo.com\/index.php\/wp-json\/wp\/v2\/users\/1"}],"replies":[{"embeddable":true,"href":"https:\/\/mcsilo.com\/index.php\/wp-json\/wp\/v2\/comments?post=2887"}],"version-history":[{"count":11,"href":"https:\/\/mcsilo.com\/index.php\/wp-json\/wp\/v2\/pages\/2887\/revisions"}],"predecessor-version":[{"id":3924,"href":"https:\/\/mcsilo.com\/index.php\/wp-json\/wp\/v2\/pages\/2887\/revisions\/3924"}],"wp:attachment":[{"href":"https:\/\/mcsilo.com\/index.php\/wp-json\/wp\/v2\/media?parent=2887"}],"curies":[{"name":"wp","href":"https:\/\/api.w.org\/{rel}","templated":true}]}}