{"id":1712,"date":"2021-11-21T15:14:44","date_gmt":"2021-11-21T15:14:44","guid":{"rendered":"https:\/\/mcsilo.com\/index.php\/contact\/"},"modified":"2023-12-15T19:27:19","modified_gmt":"2023-12-15T19:27:19","slug":"hakkimizda","status":"publish","type":"page","link":"https:\/\/mcsilo.com\/index.php\/hakkimizda\/","title":{"rendered":"Hakk\u0131m\u0131zda"},"content":{"rendered":"\t\t<div data-elementor-type=\"wp-page\" data-elementor-id=\"1712\" class=\"elementor elementor-1712\">\n\t\t\t\t\t\t\t\t\t<section class=\"elementor-section elementor-top-section elementor-element elementor-element-462c2a32 elementor-section-height-min-height elementor-section-boxed elementor-section-height-default elementor-section-items-middle\" data-id=\"462c2a32\" data-element_type=\"section\" data-settings=\"{&quot;background_background&quot;:&quot;classic&quot;}\">\n\t\t\t\t\t\t\t<div class=\"elementor-background-overlay\"><\/div>\n\t\t\t\t\t\t\t<div class=\"elementor-container elementor-column-gap-default\">\n\t\t\t\t\t<div class=\"elementor-column elementor-col-100 elementor-top-column elementor-element elementor-element-0437909\" data-id=\"0437909\" data-element_type=\"column\">\n\t\t\t<div class=\"elementor-widget-wrap\">\n\t\t\t\t\t\t\t\t\t<\/div>\n\t\t<\/div>\n\t\t\t\t\t\t\t<\/div>\n\t\t<\/section>\n\t\t\t\t<section class=\"elementor-section elementor-top-section elementor-element elementor-element-491524d8 elementor-section-boxed elementor-section-height-default elementor-section-height-default\" data-id=\"491524d8\" data-element_type=\"section\" data-settings=\"{&quot;background_background&quot;:&quot;classic&quot;}\">\n\t\t\t\t\t\t<div class=\"elementor-container elementor-column-gap-default\">\n\t\t\t\t\t<div class=\"elementor-column elementor-col-100 elementor-top-column elementor-element elementor-element-25f64567\" data-id=\"25f64567\" data-element_type=\"column\">\n\t\t\t<div class=\"elementor-widget-wrap elementor-element-populated\">\n\t\t\t\t\t\t\t\t<div class=\"elementor-element elementor-element-898c559 elementor-widget-tablet__width-initial elementor-widget-mobile__width-initial elementor-widget elementor-widget-elementskit-heading\" data-id=\"898c559\" data-element_type=\"widget\" data-widget_type=\"elementskit-heading.default\">\n\t\t\t\t<div class=\"elementor-widget-container\">\n\t\t\t<div class=\"ekit-wid-con\" ><div class=\"ekit-heading elementskit-section-title-wraper text_left   ekit_heading_tablet-text_center   ekit_heading_mobile-\"><h2 class=\"ekit-heading--title elementskit-section-title \">Hakk\u0131m\u0131zda<\/h2>\t\t\t\t<div class='ekit-heading__description'>\n\t\t\t\t\t<p>MCSilo olarak, sekt\u00f6rdeki liderli\u011fimizi y\u00fcksek kaliteli silo ve de\u011firmen makineleriyle peki\u015ftiriyoruz. Y\u0131llar\u0131n tecr\u00fcbesini, uzman kadromuzu ve m\u00fc\u015fteri odakl\u0131 yakla\u015f\u0131m\u0131m\u0131z\u0131 bir araya getirerek, m\u00fc\u015fterilerimize en son teknolojiye sahip, dayan\u0131kl\u0131 ve verimli \u00fcr\u00fcnleri sunuyoruz. Hububat, bakliyat, un ve irmik sekt\u00f6rlerine \u00f6zel \u00e7\u00f6z\u00fcmlerimizle i\u015fletmelerin ihtiya\u00e7lar\u0131na y\u00f6nelik \u00e7e\u015fitli se\u00e7enekler sunuyoruz. Kalite standartlar\u0131m\u0131z ve m\u00fc\u015fteri memnuniyeti odakl\u0131 anlay\u0131\u015f\u0131m\u0131zla MCSilo olarak, sekt\u00f6rde g\u00fcvenilir bir partner olmay\u0131 s\u00fcrd\u00fcr\u00fcyoruz.<\/p>\n\t\t\t\t<\/div>\n\t\t\t<\/div><\/div>\t\t<\/div>\n\t\t\t\t<\/div>\n\t\t\t\t<section class=\"elementor-section elementor-inner-section elementor-element elementor-element-42d25e25 elementor-section-boxed elementor-section-height-default elementor-section-height-default\" data-id=\"42d25e25\" data-element_type=\"section\">\n\t\t\t\t\t\t<div class=\"elementor-container elementor-column-gap-default\">\n\t\t\t\t\t<div class=\"elementor-column elementor-col-100 elementor-inner-column elementor-element elementor-element-1a4559\" data-id=\"1a4559\" data-element_type=\"column\">\n\t\t\t<div class=\"elementor-widget-wrap elementor-element-populated\">\n\t\t\t\t\t\t\t\t<div class=\"elementor-element elementor-element-7309ab56 elementor-widget-tablet__width-initial elementor-widget-mobile__width-initial ekit-equal-height-disable elementor-widget elementor-widget-elementskit-icon-box\" data-id=\"7309ab56\" data-element_type=\"widget\" data-widget_type=\"elementskit-icon-box.default\">\n\t\t\t\t<div class=\"elementor-widget-container\">\n\t\t\t<div class=\"ekit-wid-con\" >        <!-- link opening -->\n                <a href=\"#\" class=\"ekit_global_links\">\n                <!-- end link opening -->\n\n        <div class=\"elementskit-infobox text- text-left icon-lef-right-aligin elementor-animation- media  \">\n                            <div class=\"elementskit-box-header\">\n                <div class=\"elementskit-info-box-icon text-center\">\n                    <img decoding=\"async\" width=\"50\" height=\"50\" src=\"https:\/\/mcsilo.com\/wp-content\/uploads\/2023\/12\/icons8-mission-50.png\" class=\"attachment- size-\" alt=\"\" \/>                <\/div>\n          <\/div>\n                <div class=\"box-body\">\n                            <h3 class=\"elementskit-info-box-title\">\n                    Misyonumuz                <\/h3>\n                        \t\t  <p>MCSilo olarak, silo ve de\u011firmen makineleri sekt\u00f6r\u00fcnde s\u00fcrd\u00fcrd\u00fc\u011f\u00fcm\u00fcz lider konumumuzu ileriye ta\u015f\u0131mak ve m\u00fc\u015fterilerimize sadece kaliteli \u00fcr\u00fcnler sunmakla kalmay\u0131p, ayn\u0131 zamanda sekt\u00f6re y\u00f6n veren bir \u00e7\u00f6z\u00fcm orta\u011f\u0131 olmak istiyoruz. Sekt\u00f6rdeki teknolojik geli\u015fmeleri takip ederek, inovasyon ve m\u00fckemmeliyeti birle\u015ftirerek, m\u00fc\u015fteri ihtiya\u00e7lar\u0131na en uygun \u00e7\u00f6z\u00fcmleri \u00fcretmeyi hedefliyoruz. Gelece\u011fe y\u00f6nelik s\u00fcrd\u00fcr\u00fclebilir \u00e7\u00f6z\u00fcmlerimizle sekt\u00f6rde bir ad\u0131m \u00f6ne \u00e7\u0131karak, m\u00fc\u015fteri memnuniyetini maksimum seviyeye \u00e7\u0131karmay\u0131 ama\u00e7l\u0131yoruz.<\/p>\n                                <\/div>\n        \n        \n                <\/div>\n                <\/a>\n        <\/div>\t\t<\/div>\n\t\t\t\t<\/div>\n\t\t\t\t<div class=\"elementor-element elementor-element-1fdc8ada elementor-widget-tablet__width-initial elementor-widget-mobile__width-initial ekit-equal-height-disable elementor-widget elementor-widget-elementskit-icon-box\" data-id=\"1fdc8ada\" data-element_type=\"widget\" data-widget_type=\"elementskit-icon-box.default\">\n\t\t\t\t<div class=\"elementor-widget-container\">\n\t\t\t<div class=\"ekit-wid-con\" >        <!-- link opening -->\n                <a href=\"#\" class=\"ekit_global_links\">\n                <!-- end link opening -->\n\n        <div class=\"elementskit-infobox text- text-left icon-lef-right-aligin elementor-animation- media  \">\n                            <div class=\"elementskit-box-header\">\n                <div class=\"elementskit-info-box-icon text-center\">\n                    <img decoding=\"async\" width=\"50\" height=\"50\" src=\"https:\/\/mcsilo.com\/wp-content\/uploads\/2023\/12\/icons8-vr-glass-50.png\" class=\"attachment- size-\" alt=\"\" \/>                <\/div>\n          <\/div>\n                <div class=\"box-body\">\n                            <h3 class=\"elementskit-info-box-title\">\n                    Vizyonumuz                <\/h3>\n                        \t\t  <p>MCSilo olarak, silo ve de\u011firmen makineleri sekt\u00f6r\u00fcnde s\u00fcrd\u00fcrd\u00fc\u011f\u00fcm\u00fcz lider konumumuzu ileriye ta\u015f\u0131mak ve m\u00fc\u015fterilerimize sadece kaliteli \u00fcr\u00fcnler sunmakla kalmay\u0131p, ayn\u0131 zamanda sekt\u00f6re y\u00f6n veren bir \u00e7\u00f6z\u00fcm orta\u011f\u0131 olmak istiyoruz. Sekt\u00f6rdeki teknolojik geli\u015fmeleri takip ederek, inovasyon ve m\u00fckemmeliyeti birle\u015ftirerek, m\u00fc\u015fteri ihtiya\u00e7lar\u0131na en uygun \u00e7\u00f6z\u00fcmleri \u00fcretmeyi hedefliyoruz. Gelece\u011fe y\u00f6nelik s\u00fcrd\u00fcr\u00fclebilir \u00e7\u00f6z\u00fcmlerimizle sekt\u00f6rde bir ad\u0131m \u00f6ne \u00e7\u0131karak, m\u00fc\u015fteri memnuniyetini maksimum seviyeye \u00e7\u0131karmay\u0131 ama\u00e7l\u0131yoruz.<\/p>\n                                <\/div>\n        \n        \n                <\/div>\n                <\/a>\n        <\/div>\t\t<\/div>\n\t\t\t\t<\/div>\n\t\t\t\t\t<\/div>\n\t\t<\/div>\n\t\t\t\t\t\t\t<\/div>\n\t\t<\/section>\n\t\t\t\t\t<\/div>\n\t\t<\/div>\n\t\t\t\t\t\t\t<\/div>\n\t\t<\/section>\n\t\t\t\t\t\t\t<\/div>\n\t\t","protected":false},"excerpt":{"rendered":"<p>Hakk\u0131m\u0131zda MCSilo olarak, sekt\u00f6rdeki liderli\u011fimizi y\u00fcksek kaliteli silo ve de\u011firmen makineleriyle peki\u015ftiriyoruz. Y\u0131llar\u0131n tecr\u00fcbesini, uzman kadromuzu ve m\u00fc\u015fteri odakl\u0131 yakla\u015f\u0131m\u0131m\u0131z\u0131 bir araya getirerek, m\u00fc\u015fterilerimize en son teknolojiye sahip, dayan\u0131kl\u0131 ve verimli \u00fcr\u00fcnleri sunuyoruz. Hububat, bakliyat, un ve irmik sekt\u00f6rlerine \u00f6zel \u00e7\u00f6z\u00fcmlerimizle i\u015fletmelerin ihtiya\u00e7lar\u0131na y\u00f6nelik \u00e7e\u015fitli se\u00e7enekler sunuyoruz. Kalite standartlar\u0131m\u0131z ve m\u00fc\u015fteri memnuniyeti odakl\u0131 anlay\u0131\u015f\u0131m\u0131zla MCSilo &hellip;<\/p>\n<p class=\"read-more\"> <a class=\"\" href=\"https:\/\/mcsilo.com\/index.php\/hakkimizda\/\"> <span class=\"screen-reader-text\">Hakk\u0131m\u0131zda<\/span> Devam\u0131 &raquo;<\/a><\/p>\n","protected":false},"author":1,"featured_media":0,"parent":0,"menu_order":0,"comment_status":"closed","ping_status":"closed","template":"","meta":{"_uag_custom_page_level_css":"","site-sidebar-layout":"no-sidebar","site-content-layout":"page-builder","ast-site-content-layout":"","site-content-style":"default","site-sidebar-style":"default","ast-global-header-display":"","ast-banner-title-visibility":"","ast-main-header-display":"","ast-hfb-above-header-display":"","ast-hfb-below-header-display":"","ast-hfb-mobile-header-display":"","site-post-title":"disabled","ast-breadcrumbs-content":"","ast-featured-img":"disabled","footer-sml-layout":"","theme-transparent-header-meta":"enabled","adv-header-id-meta":"","stick-header-meta":"","header-above-stick-meta":"","header-main-stick-meta":"","header-below-stick-meta":"","astra-migrate-meta-layouts":"","footnotes":""},"class_list":["post-1712","page","type-page","status-publish","hentry"],"uagb_featured_image_src":{"full":false,"thumbnail":false,"medium":false,"medium_large":false,"large":false,"1536x1536":false,"2048x2048":false,"depicter-thumbnail":false},"uagb_author_info":{"display_name":"admin","author_link":"https:\/\/mcsilo.com\/index.php\/author\/admin\/"},"uagb_comment_info":0,"uagb_excerpt":"Hakk\u0131m\u0131zda MCSilo olarak, sekt\u00f6rdeki liderli\u011fimizi y\u00fcksek kaliteli silo ve de\u011firmen makineleriyle peki\u015ftiriyoruz. Y\u0131llar\u0131n tecr\u00fcbesini, uzman kadromuzu ve m\u00fc\u015fteri odakl\u0131 yakla\u015f\u0131m\u0131m\u0131z\u0131 bir araya getirerek, m\u00fc\u015fterilerimize en son teknolojiye sahip, dayan\u0131kl\u0131 ve verimli \u00fcr\u00fcnleri sunuyoruz. Hububat, bakliyat, un ve irmik sekt\u00f6rlerine \u00f6zel \u00e7\u00f6z\u00fcmlerimizle i\u015fletmelerin ihtiya\u00e7lar\u0131na y\u00f6nelik \u00e7e\u015fitli se\u00e7enekler sunuyoruz. Kalite standartlar\u0131m\u0131z ve m\u00fc\u015fteri memnuniyeti odakl\u0131 anlay\u0131\u015f\u0131m\u0131zla MCSilo&hellip;","_links":{"self":[{"href":"https:\/\/mcsilo.com\/index.php\/wp-json\/wp\/v2\/pages\/1712","targetHints":{"allow":["GET"]}}],"collection":[{"href":"https:\/\/mcsilo.com\/index.php\/wp-json\/wp\/v2\/pages"}],"about":[{"href":"https:\/\/mcsilo.com\/index.php\/wp-json\/wp\/v2\/types\/page"}],"author":[{"embeddable":true,"href":"https:\/\/mcsilo.com\/index.php\/wp-json\/wp\/v2\/users\/1"}],"replies":[{"embeddable":true,"href":"https:\/\/mcsilo.com\/index.php\/wp-json\/wp\/v2\/comments?post=1712"}],"version-history":[{"count":32,"href":"https:\/\/mcsilo.com\/index.php\/wp-json\/wp\/v2\/pages\/1712\/revisions"}],"predecessor-version":[{"id":4156,"href":"https:\/\/mcsilo.com\/index.php\/wp-json\/wp\/v2\/pages\/1712\/revisions\/4156"}],"wp:attachment":[{"href":"https:\/\/mcsilo.com\/index.php\/wp-json\/wp\/v2\/media?parent=1712"}],"curies":[{"name":"wp","href":"https:\/\/api.w.org\/{rel}","templated":true}]}}